{"id":1958,"date":"2021-01-27T00:50:49","date_gmt":"2021-01-26T22:50:49","guid":{"rendered":"https:\/\/justsport.springer.schule\/?post_type=product&#038;p=1958"},"modified":"2024-05-15T11:40:25","modified_gmt":"2024-05-15T09:40:25","slug":"crop-shirt-white","status":"publish","type":"product","link":"https:\/\/justsport.springer.schule\/?product=crop-shirt-white","title":{"rendered":"Crop Shirt-White"},"content":{"rendered":"<p>Just Sport die neue Sportmarke!<br \/>\nDas stylische Crop T-Shirt ist sowohl f\u00fcr Outdoor- als Joggingshirt als auch f\u00fcrs Fitnessstudio indoor sehr gut geeignet. Es ist luftig und fair produziert.<br \/>\nDas Shirt tr\u00e4gt sich gut und ist in den Gr\u00f6\u00dfen S-XL erh\u00e4ltlich.<\/p>\n<p>Wie bei vielen unserer Produkte ist dieses ebenfalls feuchtigkeitsabweisend und somit perfekt f\u00fcr deine n\u00e4chste Sporteinheit ohne Schwei\u00dfflecken. Damit zeigst du den anderen, wie &#8222;leicht&#8220; dir das Training f\u00e4llt!<\/p>\n","protected":false},"excerpt":{"rendered":"<p>Just Sport die neue Sportmarke! Das stylische Crop T-Shirt ist sowohl f\u00fcr Outdoor- als Joggingshirt als auch f\u00fcrs Fitnessstudio indoor sehr gut geeignet. Es ist luftig und fair produziert. Das Shirt tr\u00e4gt sich gut und ist in den Gr\u00f6\u00dfen S-XL erh\u00e4ltlich. Wie bei vielen unserer Produkte ist dieses ebenfalls feuchtigkeitsabweisend und somit perfekt f\u00fcr deine [&hellip;]<\/p>\n","protected":false},"featured_media":3628,"comment_status":"open","ping_status":"closed","template":"","meta":[],"product_brand":[],"product_cat":[42],"product_tag":[177,83,178,49,46],"class_list":{"0":"post-1958","1":"product","2":"type-product","3":"status-publish","4":"has-post-thumbnail","6":"product_cat-sportbekleidung","7":"product_tag-crop","8":"product_tag-damen","9":"product_tag-shirt","10":"product_tag-t-shirt","11":"product_tag-weis","12":"pa_groesse-bekleidung-l","13":"pa_groesse-bekleidung-m","14":"pa_groesse-bekleidung-s","15":"pa_groesse-bekleidung-xl","16":"pa_groesse-bekleidung-xs","17":"pa_groesse-bekleidung-xxl","19":"first","20":"instock","21":"taxable","22":"shipping-taxable","23":"purchasable","24":"product-type-variable"},"_links":{"self":[{"href":"https:\/\/justsport.springer.schule\/index.php?rest_route=\/wp\/v2\/product\/1958","targetHints":{"allow":["GET"]}}],"collection":[{"href":"https:\/\/justsport.springer.schule\/index.php?rest_route=\/wp\/v2\/product"}],"about":[{"href":"https:\/\/justsport.springer.schule\/index.php?rest_route=\/wp\/v2\/types\/product"}],"replies":[{"embeddable":true,"href":"https:\/\/justsport.springer.schule\/index.php?rest_route=%2Fwp%2Fv2%2Fcomments&post=1958"}],"wp:featuredmedia":[{"embeddable":true,"href":"https:\/\/justsport.springer.schule\/index.php?rest_route=\/wp\/v2\/media\/3628"}],"wp:attachment":[{"href":"https:\/\/justsport.springer.schule\/index.php?rest_route=%2Fwp%2Fv2%2Fmedia&parent=1958"}],"wp:term":[{"taxonomy":"product_brand","embeddable":true,"href":"https:\/\/justsport.springer.schule\/index.php?rest_route=%2Fwp%2Fv2%2Fproduct_brand&post=1958"},{"taxonomy":"product_cat","embeddable":true,"href":"https:\/\/justsport.springer.schule\/index.php?rest_route=%2Fwp%2Fv2%2Fproduct_cat&post=1958"},{"taxonomy":"product_tag","embeddable":true,"href":"https:\/\/justsport.springer.schule\/index.php?rest_route=%2Fwp%2Fv2%2Fproduct_tag&post=1958"}],"curies":[{"name":"wp","href":"https:\/\/api.w.org\/{rel}","templated":true}]}}