{"id":1957,"date":"2021-01-27T08:18:55","date_gmt":"2021-01-27T06:18:55","guid":{"rendered":"https:\/\/justsport.springer.schule\/?post_type=product&#038;p=1957"},"modified":"2024-05-15T12:04:45","modified_gmt":"2024-05-15T10:04:45","slug":"3-taegigesprogramm-in-bayern","status":"publish","type":"product","link":"https:\/\/justsport.springer.schule\/?product=3-taegigesprogramm-in-bayern","title":{"rendered":"3 T\u00e4gigesprogramm in Bayern"},"content":{"rendered":"<p>Sie wollten schon immer mal eine dreit\u00e4gige Reise absolvieren mit t\u00e4glich neuen Adrenalinkicks. Dann ist dieses Reiseprogramm genau das Richtige f\u00fcr Sie.<\/p>\n<p>Sie m\u00fcssen sich um nichts mehr k\u00fcmmern. Letztendlich m\u00fcssen Sie nur noch in den Bus einsteigen und die Zeit genie\u00dfen bis Sie an den einzelnen Stationen sind. F\u00fcr \u00dcbernachtung in Hotels sowie Halbpension ist gesorgt.<\/p>\n<p><u>Kite- Surfen:<\/u><\/p>\n<p>Ein Wochenende auf unserem Kite-Surf-Trip und Sie haben es drauf!<br \/>\nKite-Surfen vereint die drei Aspekte Dynamik, k\u00f6rperliche Anstrengung und\u00a0 Konzentration in einer Sportart. Lassen Sie sich von der geballten Kraft des Windes \u00fcber das Wasser ziehen. Erleben Sie den Adrenalinkick, w\u00e4hrend Sie mit dem Board \u00fcber das Wasser fliegen und sich von den bewundernden Blicken am Ufer befl\u00fcgeln lassen.<\/p>\n<p><u>Wasserski:<\/u><\/p>\n<p>Warum \u00fcbers Wasser gehen, wenn man auch dar\u00fcberfahren kann. Ausgestattet mit Neoprenanzug, Schwimmweste, Wasserski. Mit ein paar Tipps und Tricks und etwas Mut in den Knochen gelingt es selbst den Anf\u00e4ngern auf dem Wasser zu fahren. Also ran an die Skier und keine Angst vor Bauchlandungen beim Startversuch! Mit unserem Kurs, lernen Sie schnell das Fahren auf dem Wasser und machen sogar die beeindruckten Zuschauer nass!<\/p>\n<p><u>Tandem Paragliding Flug:<\/u><\/p>\n<p>Vom Gipfel lautlos talw\u00e4rts schweben, leichte Turbulenzen sp\u00fcren und mit hoher Geschwindigkeit \u00fcber die Bergkuppeln jagen. F\u00fchlen Sie sich frei wie ein Adler! F\u00fcr das ganze Erlebnis ben\u00f6tigen Sie kein St\u00fcck Erfahrung, sondern nur Mut! Hoch \u00fcber der Erde lassen Sie sich den frischen Wind um die Nase wehen und genie\u00dfen Sie ein unbeschreibliches Feeling mit faszinierenden Aussichten!<\/p>\n","protected":false},"excerpt":{"rendered":"<p>Sie Erleben eine 3-Tage Reise in der sie von einem Sport zum n\u00e4chsten fahren und verschiedene Sportarten kennenlernen.<\/p>\n","protected":false},"featured_media":3652,"comment_status":"open","ping_status":"closed","template":"","meta":[],"product_brand":[],"product_cat":[188],"product_tag":[181,152,179,70,167,180],"class_list":{"0":"post-1957","1":"product","2":"type-product","3":"status-publish","4":"has-post-thumbnail","6":"product_cat-just-sportreisen","7":"product_tag-kite-surfen","8":"product_tag-outdoor","9":"product_tag-paragliding","10":"product_tag-reisen","11":"product_tag-spass","12":"product_tag-wasserski","14":"first","15":"instock","16":"taxable","17":"shipping-taxable","18":"purchasable","19":"product-type-simple"},"_links":{"self":[{"href":"https:\/\/justsport.springer.schule\/index.php?rest_route=\/wp\/v2\/product\/1957","targetHints":{"allow":["GET"]}}],"collection":[{"href":"https:\/\/justsport.springer.schule\/index.php?rest_route=\/wp\/v2\/product"}],"about":[{"href":"https:\/\/justsport.springer.schule\/index.php?rest_route=\/wp\/v2\/types\/product"}],"replies":[{"embeddable":true,"href":"https:\/\/justsport.springer.schule\/index.php?rest_route=%2Fwp%2Fv2%2Fcomments&post=1957"}],"wp:featuredmedia":[{"embeddable":true,"href":"https:\/\/justsport.springer.schule\/index.php?rest_route=\/wp\/v2\/media\/3652"}],"wp:attachment":[{"href":"https:\/\/justsport.springer.schule\/index.php?rest_route=%2Fwp%2Fv2%2Fmedia&parent=1957"}],"wp:term":[{"taxonomy":"product_brand","embeddable":true,"href":"https:\/\/justsport.springer.schule\/index.php?rest_route=%2Fwp%2Fv2%2Fproduct_brand&post=1957"},{"taxonomy":"product_cat","embeddable":true,"href":"https:\/\/justsport.springer.schule\/index.php?rest_route=%2Fwp%2Fv2%2Fproduct_cat&post=1957"},{"taxonomy":"product_tag","embeddable":true,"href":"https:\/\/justsport.springer.schule\/index.php?rest_route=%2Fwp%2Fv2%2Fproduct_tag&post=1957"}],"curies":[{"name":"wp","href":"https:\/\/api.w.org\/{rel}","templated":true}]}}