{"id":1956,"date":"2021-02-24T12:19:07","date_gmt":"2021-02-24T10:19:07","guid":{"rendered":"https:\/\/justsport.springer.schule\/?post_type=product&#038;p=1956"},"modified":"2024-05-15T12:07:01","modified_gmt":"2024-05-15T10:07:01","slug":"work-hard-train-harder-tank-top","status":"publish","type":"product","link":"https:\/\/justsport.springer.schule\/?product=work-hard-train-harder-tank-top","title":{"rendered":"&#8222;WORK HARD TRAIN HARDER&#8220; Tanktop"},"content":{"rendered":"<p style=\"text-align: center;\"><strong>\u201eWORK HARD TRAIN HARDER\u201c<\/strong><br \/>\nMit dieser Lebensphilosophie erreichst du nicht nur extrem schnell<br \/>\ndeine Ziele, sondern durch die Komfortfreiheit unseres Tank Tops<br \/>\nnoch viel schneller, als du dir h\u00e4ttest denken k\u00f6nnen.<br \/>\nDie Besonderheit unseres Tank Tops ist dass, es aus altem<br \/>\nPlastikm\u00fcll produziert wird, welcher wiederverwertet wurde, in einem<br \/>\nStoff, welchem man dies nicht anmerkt.<br \/>\nDas T-Shirt erh\u00e4ltst du in den Gr\u00f6\u00dfen S-XXL &#8211; nat\u00fcrlich, nur solange<br \/>\nder Vorrat reicht.<\/p>\n","protected":false},"excerpt":{"rendered":"<p>Das Tanktop f\u00fcr das perfekte Training, egal ob In- oder Outdoor. Mit wasserabweisendem Stoff und recycelt.<\/p>\n","protected":false},"featured_media":3647,"comment_status":"open","ping_status":"closed","template":"","meta":[],"product_brand":[],"product_cat":[42],"product_tag":[175,173,176,44,67,43,174,66],"class_list":{"0":"post-1956","1":"product","2":"type-product","3":"status-publish","4":"has-post-thumbnail","6":"product_cat-sportbekleidung","7":"product_tag-aermelfrei","8":"product_tag-herren","9":"product_tag-rot","10":"product_tag-schwarz","11":"product_tag-sport","12":"product_tag-tank-top","13":"product_tag-trainieren","14":"product_tag-training","15":"pa_groesse-bekleidung-l","16":"pa_groesse-bekleidung-m","17":"pa_groesse-bekleidung-s","18":"pa_groesse-bekleidung-xl","19":"pa_groesse-bekleidung-xs","20":"pa_groesse-bekleidung-xxl","22":"first","23":"instock","24":"taxable","25":"shipping-taxable","26":"product-type-variable"},"_links":{"self":[{"href":"https:\/\/justsport.springer.schule\/index.php?rest_route=\/wp\/v2\/product\/1956","targetHints":{"allow":["GET"]}}],"collection":[{"href":"https:\/\/justsport.springer.schule\/index.php?rest_route=\/wp\/v2\/product"}],"about":[{"href":"https:\/\/justsport.springer.schule\/index.php?rest_route=\/wp\/v2\/types\/product"}],"replies":[{"embeddable":true,"href":"https:\/\/justsport.springer.schule\/index.php?rest_route=%2Fwp%2Fv2%2Fcomments&post=1956"}],"wp:featuredmedia":[{"embeddable":true,"href":"https:\/\/justsport.springer.schule\/index.php?rest_route=\/wp\/v2\/media\/3647"}],"wp:attachment":[{"href":"https:\/\/justsport.springer.schule\/index.php?rest_route=%2Fwp%2Fv2%2Fmedia&parent=1956"}],"wp:term":[{"taxonomy":"product_brand","embeddable":true,"href":"https:\/\/justsport.springer.schule\/index.php?rest_route=%2Fwp%2Fv2%2Fproduct_brand&post=1956"},{"taxonomy":"product_cat","embeddable":true,"href":"https:\/\/justsport.springer.schule\/index.php?rest_route=%2Fwp%2Fv2%2Fproduct_cat&post=1956"},{"taxonomy":"product_tag","embeddable":true,"href":"https:\/\/justsport.springer.schule\/index.php?rest_route=%2Fwp%2Fv2%2Fproduct_tag&post=1956"}],"curies":[{"name":"wp","href":"https:\/\/api.w.org\/{rel}","templated":true}]}}