{"id":1953,"date":"2021-01-27T00:46:47","date_gmt":"2021-01-26T22:46:47","guid":{"rendered":"https:\/\/justsport.springer.schule\/?post_type=product&#038;p=1953"},"modified":"2024-05-15T11:44:07","modified_gmt":"2024-05-15T09:44:07","slug":"bogenschiessen-mit-indianerwanderung-und-lagerfeuer","status":"publish","type":"product","link":"https:\/\/justsport.springer.schule\/?product=bogenschiessen-mit-indianerwanderung-und-lagerfeuer","title":{"rendered":"Bogenschie\u00dfen mit Indianerwanderung und Lagerfeuer"},"content":{"rendered":"<p>Sie wollten schon immer mal Bogenschie\u00dfen wie ein echter Indianer? Dann besuchen Sie unsere Bogenschie\u00dfanlage in Pforzheim und gehen Sie anschlie\u00dfend auf eine spannende Indianerwanderung durch eine idyllische Natur und Tierwelt. F\u00fchlen Sie sich wie ein echter Ureinwohner Amerikas. Zum Abschluss gibt es ein leckeres Grillfest im Freien.<\/p>\n","protected":false},"excerpt":{"rendered":"<p>Sie lernen, wie man mit dem Bogen schie\u00dft und erlebt noch eine Indianerwanderung mit anschlie\u00dfendem Grillfest.<\/p>\n","protected":false},"featured_media":3633,"comment_status":"open","ping_status":"closed","template":"","meta":[],"product_brand":[],"product_cat":[188],"product_tag":[163,162,151,164],"class_list":{"0":"post-1953","1":"product","2":"type-product","3":"status-publish","4":"has-post-thumbnail","6":"product_cat-just-sportreisen","7":"product_tag-bogenschiesen","8":"product_tag-indianer","9":"product_tag-natur","10":"product_tag-reise","12":"first","13":"instock","14":"taxable","15":"shipping-taxable","16":"purchasable","17":"product-type-simple"},"_links":{"self":[{"href":"https:\/\/justsport.springer.schule\/index.php?rest_route=\/wp\/v2\/product\/1953","targetHints":{"allow":["GET"]}}],"collection":[{"href":"https:\/\/justsport.springer.schule\/index.php?rest_route=\/wp\/v2\/product"}],"about":[{"href":"https:\/\/justsport.springer.schule\/index.php?rest_route=\/wp\/v2\/types\/product"}],"replies":[{"embeddable":true,"href":"https:\/\/justsport.springer.schule\/index.php?rest_route=%2Fwp%2Fv2%2Fcomments&post=1953"}],"wp:featuredmedia":[{"embeddable":true,"href":"https:\/\/justsport.springer.schule\/index.php?rest_route=\/wp\/v2\/media\/3633"}],"wp:attachment":[{"href":"https:\/\/justsport.springer.schule\/index.php?rest_route=%2Fwp%2Fv2%2Fmedia&parent=1953"}],"wp:term":[{"taxonomy":"product_brand","embeddable":true,"href":"https:\/\/justsport.springer.schule\/index.php?rest_route=%2Fwp%2Fv2%2Fproduct_brand&post=1953"},{"taxonomy":"product_cat","embeddable":true,"href":"https:\/\/justsport.springer.schule\/index.php?rest_route=%2Fwp%2Fv2%2Fproduct_cat&post=1953"},{"taxonomy":"product_tag","embeddable":true,"href":"https:\/\/justsport.springer.schule\/index.php?rest_route=%2Fwp%2Fv2%2Fproduct_tag&post=1953"}],"curies":[{"name":"wp","href":"https:\/\/api.w.org\/{rel}","templated":true}]}}