{"id":1951,"date":"2021-01-26T23:10:58","date_gmt":"2021-01-26T21:10:58","guid":{"rendered":"https:\/\/justsport.springer.schule\/?post_type=product&#038;p=1951"},"modified":"2024-05-15T11:45:49","modified_gmt":"2024-05-15T09:45:49","slug":"widerstandsbaender","status":"publish","type":"product","link":"https:\/\/justsport.springer.schule\/?product=widerstandsbaender","title":{"rendered":"Wiederstandsb\u00e4nder"},"content":{"rendered":"<p>Sie erhalten elastische Widerstandsb\u00e4nder (lang &#8211; 208 cm) aus Latex f\u00fcr ein optimales Widerstandstraining. Das Produkt ist perfekt geeignet zur Stimulierung bestimmter Muskelpartien sowie zur Steigerung von Flexibilit\u00e4t und Mobilit\u00e4t. Profitieren Sie von der vielf\u00e4ltigen <span class=\"hiddenSpellError\">Einsatzm\u00f6glichkeitsbreite<\/span> des Produktes. Das Einsatzspektrum reicht von Physiotherapie \u00fcber Leistungssport bis hin zum privaten Einsatz. Egal ob Zuhause, im Freien, im Fitnessstudio oder in ihrer Mittagspause, mit diesem Produkt kaufen sie sich die Freiheit, wo auch immer sie wollen ein optimales Training, ohne viel Schnickschnack durchzuf\u00fchren. Sie k\u00f6nnen aus 5 verschiedenen Widerstandsstufen w\u00e4hlen. Es gibt vier B\u00e4nder in unterschiedlichen Zugst\u00e4rken, mit denen Sie ihr Training variieren k\u00f6nnen.<\/p>\n","protected":false},"excerpt":{"rendered":"<p>Vielseitig einsetzbare Widerstandsb\u00e4nder, 208 cm lang, in verschiedenen Zugst\u00e4rken.<\/p>\n","protected":false},"featured_media":3636,"comment_status":"open","ping_status":"closed","template":"","meta":[],"product_brand":[],"product_cat":[189],"product_tag":[170,72,185,121,184,183,182,66,169],"class_list":{"0":"post-1951","1":"product","2":"type-product","3":"status-publish","4":"has-post-thumbnail","6":"product_cat-fitnessgeraete","7":"product_tag-baender","8":"product_tag-fitness","9":"product_tag-flexibilitaet","10":"product_tag-hometraining","11":"product_tag-mobilitaet","12":"product_tag-muskeltraining","13":"product_tag-physiotherapie","14":"product_tag-training","15":"product_tag-widerstandsbaender","17":"first","18":"instock","19":"taxable","20":"shipping-taxable","21":"purchasable","22":"product-type-simple"},"_links":{"self":[{"href":"https:\/\/justsport.springer.schule\/index.php?rest_route=\/wp\/v2\/product\/1951","targetHints":{"allow":["GET"]}}],"collection":[{"href":"https:\/\/justsport.springer.schule\/index.php?rest_route=\/wp\/v2\/product"}],"about":[{"href":"https:\/\/justsport.springer.schule\/index.php?rest_route=\/wp\/v2\/types\/product"}],"replies":[{"embeddable":true,"href":"https:\/\/justsport.springer.schule\/index.php?rest_route=%2Fwp%2Fv2%2Fcomments&post=1951"}],"wp:featuredmedia":[{"embeddable":true,"href":"https:\/\/justsport.springer.schule\/index.php?rest_route=\/wp\/v2\/media\/3636"}],"wp:attachment":[{"href":"https:\/\/justsport.springer.schule\/index.php?rest_route=%2Fwp%2Fv2%2Fmedia&parent=1951"}],"wp:term":[{"taxonomy":"product_brand","embeddable":true,"href":"https:\/\/justsport.springer.schule\/index.php?rest_route=%2Fwp%2Fv2%2Fproduct_brand&post=1951"},{"taxonomy":"product_cat","embeddable":true,"href":"https:\/\/justsport.springer.schule\/index.php?rest_route=%2Fwp%2Fv2%2Fproduct_cat&post=1951"},{"taxonomy":"product_tag","embeddable":true,"href":"https:\/\/justsport.springer.schule\/index.php?rest_route=%2Fwp%2Fv2%2Fproduct_tag&post=1951"}],"curies":[{"name":"wp","href":"https:\/\/api.w.org\/{rel}","templated":true}]}}