{"id":1947,"date":"2021-01-27T00:04:40","date_gmt":"2021-01-26T22:04:40","guid":{"rendered":"https:\/\/justsport.springer.schule\/?post_type=product&#038;p=1947"},"modified":"2024-05-15T12:08:43","modified_gmt":"2024-05-15T10:08:43","slug":"klettern-in-schriesheim-eintaegig","status":"publish","type":"product","link":"https:\/\/justsport.springer.schule\/?product=klettern-in-schriesheim-eintaegig","title":{"rendered":"Klettern in Schriesheim (eint\u00e4gig)"},"content":{"rendered":"<p>Die Reise geht los mit dem Klettersteig und einen unglaublichen Kurpfalz-Blick. Wir stellen die Kletterausr\u00fcstung zur Verf\u00fcgung, mit der du in die H\u00f6he steigst. Der Weg geht entlang der Schriesheimer Weinberge mit Aussichtsplattform und anschlie\u00dfend zum atemberaubendem Steinbruch. Dort lernst du die Grundtechniken des Kletterns an der Felswand und besteigst unglaubliche H\u00f6hen.<\/p>\n","protected":false},"excerpt":{"rendered":"<p>Die Reis beginnt mit einem Kletterausflug mit Kurpfalz-Blick und vieles mehr. Du lernst da die Grundtechniken des Kletterns an der Felswand.<\/p>\n","protected":false},"featured_media":3654,"comment_status":"open","ping_status":"closed","template":"","meta":[],"product_brand":[],"product_cat":[188],"product_tag":[150,151,152,70],"class_list":{"0":"post-1947","1":"product","2":"type-product","3":"status-publish","4":"has-post-thumbnail","6":"product_cat-just-sportreisen","7":"product_tag-klettern","8":"product_tag-natur","9":"product_tag-outdoor","10":"product_tag-reisen","12":"first","13":"instock","14":"taxable","15":"shipping-taxable","16":"purchasable","17":"product-type-simple"},"_links":{"self":[{"href":"https:\/\/justsport.springer.schule\/index.php?rest_route=\/wp\/v2\/product\/1947","targetHints":{"allow":["GET"]}}],"collection":[{"href":"https:\/\/justsport.springer.schule\/index.php?rest_route=\/wp\/v2\/product"}],"about":[{"href":"https:\/\/justsport.springer.schule\/index.php?rest_route=\/wp\/v2\/types\/product"}],"replies":[{"embeddable":true,"href":"https:\/\/justsport.springer.schule\/index.php?rest_route=%2Fwp%2Fv2%2Fcomments&post=1947"}],"wp:featuredmedia":[{"embeddable":true,"href":"https:\/\/justsport.springer.schule\/index.php?rest_route=\/wp\/v2\/media\/3654"}],"wp:attachment":[{"href":"https:\/\/justsport.springer.schule\/index.php?rest_route=%2Fwp%2Fv2%2Fmedia&parent=1947"}],"wp:term":[{"taxonomy":"product_brand","embeddable":true,"href":"https:\/\/justsport.springer.schule\/index.php?rest_route=%2Fwp%2Fv2%2Fproduct_brand&post=1947"},{"taxonomy":"product_cat","embeddable":true,"href":"https:\/\/justsport.springer.schule\/index.php?rest_route=%2Fwp%2Fv2%2Fproduct_cat&post=1947"},{"taxonomy":"product_tag","embeddable":true,"href":"https:\/\/justsport.springer.schule\/index.php?rest_route=%2Fwp%2Fv2%2Fproduct_tag&post=1947"}],"curies":[{"name":"wp","href":"https:\/\/api.w.org\/{rel}","templated":true}]}}