{"id":1946,"date":"2021-01-26T23:45:11","date_gmt":"2021-01-26T21:45:11","guid":{"rendered":"https:\/\/justsport.springer.schule\/?post_type=product&#038;p=1946"},"modified":"2024-05-15T11:46:53","modified_gmt":"2024-05-15T09:46:53","slug":"klimmzugstange","status":"publish","type":"product","link":"https:\/\/justsport.springer.schule\/?product=klimmzugstange","title":{"rendered":"Klimmzugstange"},"content":{"rendered":"<p>Sie erhalten eine hochwertige Klimmzugstange zur Erweiterung Ihrer Trainingsrepertoire. Mit dieser Klimmzugstange bringen Sie Abwechslung in die t\u00e4gliche Trainingsroutine. Durch die innovative Form k\u00f6nnen Sie eine Vielzahl von \u00dcbungen durchf\u00fchren und trainieren hiermit z.B. R\u00fccken, Schultern, Brust, Bauchmuskeln und vieles mehr. Die robuste Klimmzugstange l\u00e4sst sich spielend leicht am T\u00fcrrahmen einh\u00e4ngen und kann somit jederzeit ohne Besch\u00e4digungen auf- und abgebaut werden. Sie l\u00e4sst sich nach dem Gebrauch ganz einfach verstauen, ist f\u00fcr alle herk\u00f6mmlichen T\u00fcrrahmen geeignet und somit der ideale Trainingspartner f\u00fcr zu Hause. Die Klimmzugstange ist belastbar bis zu 180 kg.<\/p>\n","protected":false},"excerpt":{"rendered":"<p>Robuste Klimmzugstange f\u00fcr den T\u00fcrrahmen. Bis zu 180 kg belastbar.<\/p>\n","protected":false},"featured_media":3637,"comment_status":"open","ping_status":"closed","template":"","meta":[],"product_brand":[],"product_cat":[189],"product_tag":[121,148,68,149,66],"class_list":{"0":"post-1946","1":"product","2":"type-product","3":"status-publish","4":"has-post-thumbnail","6":"product_cat-fitnessgeraete","7":"product_tag-hometraining","8":"product_tag-klimmzugstange","9":"product_tag-muskelaufbau","10":"product_tag-traing","11":"product_tag-training","13":"first","14":"instock","15":"taxable","16":"shipping-taxable","17":"purchasable","18":"product-type-simple"},"_links":{"self":[{"href":"https:\/\/justsport.springer.schule\/index.php?rest_route=\/wp\/v2\/product\/1946","targetHints":{"allow":["GET"]}}],"collection":[{"href":"https:\/\/justsport.springer.schule\/index.php?rest_route=\/wp\/v2\/product"}],"about":[{"href":"https:\/\/justsport.springer.schule\/index.php?rest_route=\/wp\/v2\/types\/product"}],"replies":[{"embeddable":true,"href":"https:\/\/justsport.springer.schule\/index.php?rest_route=%2Fwp%2Fv2%2Fcomments&post=1946"}],"wp:featuredmedia":[{"embeddable":true,"href":"https:\/\/justsport.springer.schule\/index.php?rest_route=\/wp\/v2\/media\/3637"}],"wp:attachment":[{"href":"https:\/\/justsport.springer.schule\/index.php?rest_route=%2Fwp%2Fv2%2Fmedia&parent=1946"}],"wp:term":[{"taxonomy":"product_brand","embeddable":true,"href":"https:\/\/justsport.springer.schule\/index.php?rest_route=%2Fwp%2Fv2%2Fproduct_brand&post=1946"},{"taxonomy":"product_cat","embeddable":true,"href":"https:\/\/justsport.springer.schule\/index.php?rest_route=%2Fwp%2Fv2%2Fproduct_cat&post=1946"},{"taxonomy":"product_tag","embeddable":true,"href":"https:\/\/justsport.springer.schule\/index.php?rest_route=%2Fwp%2Fv2%2Fproduct_tag&post=1946"}],"curies":[{"name":"wp","href":"https:\/\/api.w.org\/{rel}","templated":true}]}}