{"id":1941,"date":"2021-01-26T22:55:57","date_gmt":"2021-01-26T20:55:57","guid":{"rendered":"https:\/\/justsport.springer.schule\/?post_type=product&#038;p=1941"},"modified":"2024-05-15T11:59:16","modified_gmt":"2024-05-15T09:59:16","slug":"koordinationsleiter","status":"publish","type":"product","link":"https:\/\/justsport.springer.schule\/?product=koordinationsleiter","title":{"rendered":"Koordinationsleiter"},"content":{"rendered":"<p>Sie erhalten eine 8 m lange Koordinationsleiter, welche sich aus 16 verstellbaren und flachen Sprossen zusammensetzt (15 Felder). Die Sprossen k\u00f6nnen im Abstand zueinander verstellt werden und dadurch lassen sich unterschiedliche \u00dcbungen und Workouts durchf\u00fchren. Die Koordinationsleiter kann die allgemeine Schnelligkeit erh\u00f6hen und die Sprungkraft effizient f\u00f6rdern. Ob Fu\u00dfballer, Boxer oder Hobbysportler, hiermit erwerben sie das optimale Gadget um ihre Koordination zu F\u00f6rden. Nehmen Sie die Leiter mit ins Freie, ins Fitnessstudio oder einfach mit in ihr Wohnzimmer, und profitieren von den vielseitigen Einsatzm\u00f6glichkeiten.<\/p>\n","protected":false},"excerpt":{"rendered":"<p>8 m lange Koordinationsleiter, mit 16 verstellbaren Sprossen.<\/p>\n","protected":false},"featured_media":3648,"comment_status":"open","ping_status":"closed","template":"","meta":[],"product_brand":[],"product_cat":[189],"product_tag":[141,140,138,139,143,142,66],"class_list":{"0":"post-1941","1":"product","2":"type-product","3":"status-publish","4":"has-post-thumbnail","6":"product_cat-fitnessgeraete","7":"product_tag-boxen","8":"product_tag-fussball","9":"product_tag-koordination","10":"product_tag-koordinationsleiter","11":"product_tag-koordinationstraining","12":"product_tag-leiter","13":"product_tag-training","15":"first","16":"instock","17":"taxable","18":"shipping-taxable","19":"purchasable","20":"product-type-simple"},"_links":{"self":[{"href":"https:\/\/justsport.springer.schule\/index.php?rest_route=\/wp\/v2\/product\/1941","targetHints":{"allow":["GET"]}}],"collection":[{"href":"https:\/\/justsport.springer.schule\/index.php?rest_route=\/wp\/v2\/product"}],"about":[{"href":"https:\/\/justsport.springer.schule\/index.php?rest_route=\/wp\/v2\/types\/product"}],"replies":[{"embeddable":true,"href":"https:\/\/justsport.springer.schule\/index.php?rest_route=%2Fwp%2Fv2%2Fcomments&post=1941"}],"wp:featuredmedia":[{"embeddable":true,"href":"https:\/\/justsport.springer.schule\/index.php?rest_route=\/wp\/v2\/media\/3648"}],"wp:attachment":[{"href":"https:\/\/justsport.springer.schule\/index.php?rest_route=%2Fwp%2Fv2%2Fmedia&parent=1941"}],"wp:term":[{"taxonomy":"product_brand","embeddable":true,"href":"https:\/\/justsport.springer.schule\/index.php?rest_route=%2Fwp%2Fv2%2Fproduct_brand&post=1941"},{"taxonomy":"product_cat","embeddable":true,"href":"https:\/\/justsport.springer.schule\/index.php?rest_route=%2Fwp%2Fv2%2Fproduct_cat&post=1941"},{"taxonomy":"product_tag","embeddable":true,"href":"https:\/\/justsport.springer.schule\/index.php?rest_route=%2Fwp%2Fv2%2Fproduct_tag&post=1941"}],"curies":[{"name":"wp","href":"https:\/\/api.w.org\/{rel}","templated":true}]}}