{"id":1936,"date":"2021-01-26T22:44:17","date_gmt":"2021-01-26T20:44:17","guid":{"rendered":"https:\/\/justsport.springer.schule\/?post_type=product&#038;p=1936"},"modified":"2025-05-28T09:34:46","modified_gmt":"2025-05-28T07:34:46","slug":"ballkissen","status":"publish","type":"product","link":"https:\/\/justsport.springer.schule\/?product=ballkissen","title":{"rendered":"Ballkissen"},"content":{"rendered":"<p>Da unsere Wirbels\u00e4ule in der heutigen Zeit extrem durch st\u00e4ndiges sitzen am Arbeitsplatz oder in der Schule belastet wird, werden Produkte, welche dieser Belastung entgegenwirken immer gefragter. Ob als Balance \u00dcbung, das kleine Kissen zur Unterlage f\u00fcr Ihren R\u00fccken oder als Sitzkissen, mit diesem Produkt k\u00f6nnen sie aktiv der Belastung ihrer Wirbels\u00e4ule entgegenwirken. Sobald Sie sich auf das Ballkissen setzen, welches eine optimale Anpassung an Ihrem K\u00f6rper verspricht, trainieren Sie automatisch Ihre Wirbels\u00e4ulen-Muskulatur. <span class=\"hiddenGrammarError\">Ein effektives Kraft<\/span><span class=\"hiddenGrammarError\"> &#8211; <\/span>und <span class=\"hiddenSpellError\">Balancetraining<\/span> mit maximalem <span class=\"hiddenGrammarError\">sitz Komfort ist<\/span> ihnen garantiert.<\/p>\n","protected":false},"excerpt":{"rendered":"<p>Vielseitig einsetzbares Ballkissen zur Stabiliserung der Wirbels\u00e4ule.<\/p>\n","protected":false},"featured_media":3642,"comment_status":"open","ping_status":"closed","template":"","meta":[],"product_brand":[],"product_cat":[189],"product_tag":[137,136,66],"class_list":{"0":"post-1936","1":"product","2":"type-product","3":"status-publish","4":"has-post-thumbnail","6":"product_cat-fitnessgeraete","7":"product_tag-balance","8":"product_tag-ballkissen","9":"product_tag-training","11":"first","12":"instock","13":"taxable","14":"shipping-taxable","15":"purchasable","16":"product-type-simple"},"_links":{"self":[{"href":"https:\/\/justsport.springer.schule\/index.php?rest_route=\/wp\/v2\/product\/1936","targetHints":{"allow":["GET"]}}],"collection":[{"href":"https:\/\/justsport.springer.schule\/index.php?rest_route=\/wp\/v2\/product"}],"about":[{"href":"https:\/\/justsport.springer.schule\/index.php?rest_route=\/wp\/v2\/types\/product"}],"replies":[{"embeddable":true,"href":"https:\/\/justsport.springer.schule\/index.php?rest_route=%2Fwp%2Fv2%2Fcomments&post=1936"}],"wp:featuredmedia":[{"embeddable":true,"href":"https:\/\/justsport.springer.schule\/index.php?rest_route=\/wp\/v2\/media\/3642"}],"wp:attachment":[{"href":"https:\/\/justsport.springer.schule\/index.php?rest_route=%2Fwp%2Fv2%2Fmedia&parent=1936"}],"wp:term":[{"taxonomy":"product_brand","embeddable":true,"href":"https:\/\/justsport.springer.schule\/index.php?rest_route=%2Fwp%2Fv2%2Fproduct_brand&post=1936"},{"taxonomy":"product_cat","embeddable":true,"href":"https:\/\/justsport.springer.schule\/index.php?rest_route=%2Fwp%2Fv2%2Fproduct_cat&post=1936"},{"taxonomy":"product_tag","embeddable":true,"href":"https:\/\/justsport.springer.schule\/index.php?rest_route=%2Fwp%2Fv2%2Fproduct_tag&post=1936"}],"curies":[{"name":"wp","href":"https:\/\/api.w.org\/{rel}","templated":true}]}}