{"id":1933,"date":"2021-02-24T12:17:16","date_gmt":"2021-02-24T10:17:16","guid":{"rendered":"https:\/\/justsport.springer.schule\/?post_type=product&#038;p=1933"},"modified":"2024-05-15T12:10:43","modified_gmt":"2024-05-15T10:10:43","slug":"sports-army-shirt","status":"publish","type":"product","link":"https:\/\/justsport.springer.schule\/?product=sports-army-shirt","title":{"rendered":"Sport T-shirt"},"content":{"rendered":"<p style=\"text-align: center;\"><strong>&#8222;Die Kunst ist, einmal mehr aufzustehen, als man umgeworfen wird&#8220;- Winston Churchill<\/strong><\/p>\n<p style=\"text-align: center;\">Mit unserer neusten Entwicklung im Thema Sportkleidung<br \/>\nkonzentrierst du dich auf dein Work-out wie noch nie zuvor.<br \/>\nDurch die slim fit Passform, sitzt es sicher und ein Verrutschen ist<br \/>\nunm\u00f6glich. Unser Logo auf der Brust f\u00fcgt dich unserem Team hinzu<br \/>\nund sorgt nicht nur f\u00fcr Hingucker, sondern motiviert dich auch f\u00fcr<br \/>\njagdliche Sporteinheit, welche du vorhast.<br \/>\nDas T-Shirt erh\u00e4ltst du in den Gr\u00f6\u00dfen S-XL &#8211; nat\u00fcrlich nur, solange<br \/>\nder Vorrat reicht.<\/p>\n","protected":false},"excerpt":{"rendered":"<p>Perfektes Sport T-Shirt, um zu unserer Army zu geh\u00f6ren.<\/p>\n","protected":false},"featured_media":3624,"comment_status":"open","ping_status":"closed","template":"","meta":[],"product_brand":[],"product_cat":[42],"product_tag":[119,67],"class_list":{"0":"post-1933","1":"product","2":"type-product","3":"status-publish","4":"has-post-thumbnail","6":"product_cat-sportbekleidung","7":"product_tag-armee","8":"product_tag-sport","9":"pa_groesse-bekleidung-l","10":"pa_groesse-bekleidung-m","11":"pa_groesse-bekleidung-s","12":"pa_groesse-bekleidung-xl","14":"first","15":"instock","16":"taxable","17":"shipping-taxable","18":"purchasable","19":"product-type-variable"},"_links":{"self":[{"href":"https:\/\/justsport.springer.schule\/index.php?rest_route=\/wp\/v2\/product\/1933","targetHints":{"allow":["GET"]}}],"collection":[{"href":"https:\/\/justsport.springer.schule\/index.php?rest_route=\/wp\/v2\/product"}],"about":[{"href":"https:\/\/justsport.springer.schule\/index.php?rest_route=\/wp\/v2\/types\/product"}],"replies":[{"embeddable":true,"href":"https:\/\/justsport.springer.schule\/index.php?rest_route=%2Fwp%2Fv2%2Fcomments&post=1933"}],"wp:featuredmedia":[{"embeddable":true,"href":"https:\/\/justsport.springer.schule\/index.php?rest_route=\/wp\/v2\/media\/3624"}],"wp:attachment":[{"href":"https:\/\/justsport.springer.schule\/index.php?rest_route=%2Fwp%2Fv2%2Fmedia&parent=1933"}],"wp:term":[{"taxonomy":"product_brand","embeddable":true,"href":"https:\/\/justsport.springer.schule\/index.php?rest_route=%2Fwp%2Fv2%2Fproduct_brand&post=1933"},{"taxonomy":"product_cat","embeddable":true,"href":"https:\/\/justsport.springer.schule\/index.php?rest_route=%2Fwp%2Fv2%2Fproduct_cat&post=1933"},{"taxonomy":"product_tag","embeddable":true,"href":"https:\/\/justsport.springer.schule\/index.php?rest_route=%2Fwp%2Fv2%2Fproduct_tag&post=1933"}],"curies":[{"name":"wp","href":"https:\/\/api.w.org\/{rel}","templated":true}]}}