{"id":1932,"date":"2021-01-26T23:35:16","date_gmt":"2021-01-26T21:35:16","guid":{"rendered":"https:\/\/justsport.springer.schule\/?post_type=product&#038;p=1932"},"modified":"2024-05-15T11:45:00","modified_gmt":"2024-05-15T09:45:00","slug":"crosstrainer","status":"publish","type":"product","link":"https:\/\/justsport.springer.schule\/?product=crosstrainer","title":{"rendered":"Crosstrainer"},"content":{"rendered":"<p>Bringen Sie das Fitnessstudio mit unserem neuen Crosstrainer zu ihnen nach Hause. Der Crosstrainer ist das Ideale Sportger\u00e4t f\u00fcr ein Ganzk\u00f6rpertraining f\u00fcr Freizeit-, und Profisportler, die eine sehr nat\u00fcrliche Bewegung bevorzugen. Das Training mit dem Crosstrainer ist sehr effektiv um die Ausdauer zu verbessern und auch um Muskeln aufzubauen. Die rutschhemmenden Trittfl\u00e4chen sorgen f\u00fcr einen optimalen halt und ein hohes Ma\u00df an Sicherheit. Profitieren auch sie davon jederzeit bequem von Zuhause trainieren zu k\u00f6nnen.<\/p>\n","protected":false},"excerpt":{"rendered":"<p>Crosstrainer f\u00fcr ihr erfolgreiches Ganzk\u00f6rper-Home-Workout.<\/p>\n","protected":false},"featured_media":3634,"comment_status":"open","ping_status":"closed","template":"","meta":[],"product_brand":[],"product_cat":[189],"product_tag":[120,72,122,121,66],"class_list":{"0":"post-1932","1":"product","2":"type-product","3":"status-publish","4":"has-post-thumbnail","6":"product_cat-fitnessgeraete","7":"product_tag-crosstrainer","8":"product_tag-fitness","9":"product_tag-ganzkoerpertraining","10":"product_tag-hometraining","11":"product_tag-training","13":"first","14":"instock","15":"taxable","16":"shipping-taxable","17":"purchasable","18":"product-type-simple"},"_links":{"self":[{"href":"https:\/\/justsport.springer.schule\/index.php?rest_route=\/wp\/v2\/product\/1932","targetHints":{"allow":["GET"]}}],"collection":[{"href":"https:\/\/justsport.springer.schule\/index.php?rest_route=\/wp\/v2\/product"}],"about":[{"href":"https:\/\/justsport.springer.schule\/index.php?rest_route=\/wp\/v2\/types\/product"}],"replies":[{"embeddable":true,"href":"https:\/\/justsport.springer.schule\/index.php?rest_route=%2Fwp%2Fv2%2Fcomments&post=1932"}],"wp:featuredmedia":[{"embeddable":true,"href":"https:\/\/justsport.springer.schule\/index.php?rest_route=\/wp\/v2\/media\/3634"}],"wp:attachment":[{"href":"https:\/\/justsport.springer.schule\/index.php?rest_route=%2Fwp%2Fv2%2Fmedia&parent=1932"}],"wp:term":[{"taxonomy":"product_brand","embeddable":true,"href":"https:\/\/justsport.springer.schule\/index.php?rest_route=%2Fwp%2Fv2%2Fproduct_brand&post=1932"},{"taxonomy":"product_cat","embeddable":true,"href":"https:\/\/justsport.springer.schule\/index.php?rest_route=%2Fwp%2Fv2%2Fproduct_cat&post=1932"},{"taxonomy":"product_tag","embeddable":true,"href":"https:\/\/justsport.springer.schule\/index.php?rest_route=%2Fwp%2Fv2%2Fproduct_tag&post=1932"}],"curies":[{"name":"wp","href":"https:\/\/api.w.org\/{rel}","templated":true}]}}