{"id":1931,"date":"2021-01-26T22:58:38","date_gmt":"2021-01-26T20:58:38","guid":{"rendered":"https:\/\/justsport.springer.schule\/?post_type=product&#038;p=1931"},"modified":"2024-05-15T12:04:02","modified_gmt":"2024-05-15T10:04:02","slug":"damen-knotenshirt","status":"publish","type":"product","link":"https:\/\/justsport.springer.schule\/?product=damen-knotenshirt","title":{"rendered":"Damen Knotenshirt"},"content":{"rendered":"<p>Das T-Shirt eignet sich perfekt f\u00fcr w\u00e4hrend und nach dem Training. Auch f\u00fcr einen stylischen Auftritt im Alltag ist das Just Sport T-Shirt mit dem Knoten auf der linken Seite supergeeignet. Das Motiv auf der Vorderseite l\u00e4sst das Just Sport Shirt sportlich und gleichzeitig stylisch aussehen. Die minimalistische Just Sport Aufschrift auf der R\u00fcckseite gibt dem Shirt noch mal ein gewisses Etwas.<\/p>\n","protected":false},"excerpt":{"rendered":"<p>Ein stylisches und modernes Top f\u00fcr Sport und Alltag<\/p>\n","protected":false},"featured_media":3649,"comment_status":"open","ping_status":"closed","template":"","meta":[],"product_brand":[],"product_cat":[42],"product_tag":[50,113,116,114,115,112],"class_list":{"0":"post-1931","1":"product","2":"type-product","3":"status-publish","4":"has-post-thumbnail","6":"product_cat-sportbekleidung","7":"product_tag-oberteil","8":"product_tag-pink","9":"product_tag-slim-fit","10":"product_tag-sommer","11":"product_tag-sommerkollektion","12":"product_tag-top","13":"pa_groesse-bekleidung-l","14":"pa_groesse-bekleidung-m","15":"pa_groesse-bekleidung-s","16":"pa_groesse-bekleidung-xl","17":"pa_groesse-bekleidung-xs","18":"pa_groesse-bekleidung-xxl","20":"first","21":"instock","22":"taxable","23":"shipping-taxable","24":"purchasable","25":"product-type-variable"},"_links":{"self":[{"href":"https:\/\/justsport.springer.schule\/index.php?rest_route=\/wp\/v2\/product\/1931","targetHints":{"allow":["GET"]}}],"collection":[{"href":"https:\/\/justsport.springer.schule\/index.php?rest_route=\/wp\/v2\/product"}],"about":[{"href":"https:\/\/justsport.springer.schule\/index.php?rest_route=\/wp\/v2\/types\/product"}],"replies":[{"embeddable":true,"href":"https:\/\/justsport.springer.schule\/index.php?rest_route=%2Fwp%2Fv2%2Fcomments&post=1931"}],"wp:featuredmedia":[{"embeddable":true,"href":"https:\/\/justsport.springer.schule\/index.php?rest_route=\/wp\/v2\/media\/3649"}],"wp:attachment":[{"href":"https:\/\/justsport.springer.schule\/index.php?rest_route=%2Fwp%2Fv2%2Fmedia&parent=1931"}],"wp:term":[{"taxonomy":"product_brand","embeddable":true,"href":"https:\/\/justsport.springer.schule\/index.php?rest_route=%2Fwp%2Fv2%2Fproduct_brand&post=1931"},{"taxonomy":"product_cat","embeddable":true,"href":"https:\/\/justsport.springer.schule\/index.php?rest_route=%2Fwp%2Fv2%2Fproduct_cat&post=1931"},{"taxonomy":"product_tag","embeddable":true,"href":"https:\/\/justsport.springer.schule\/index.php?rest_route=%2Fwp%2Fv2%2Fproduct_tag&post=1931"}],"curies":[{"name":"wp","href":"https:\/\/api.w.org\/{rel}","templated":true}]}}