{"id":1930,"date":"2021-02-24T12:16:41","date_gmt":"2021-02-24T10:16:41","guid":{"rendered":"https:\/\/justsport.springer.schule\/?post_type=product&#038;p=1930"},"modified":"2021-03-29T01:05:35","modified_gmt":"2021-03-28T23:05:35","slug":"just-amino-eaa-pulver","status":"publish","type":"product","link":"https:\/\/justsport.springer.schule\/?product=just-amino-eaa-pulver","title":{"rendered":"Just Amino EAA Pulver"},"content":{"rendered":"<p>Das Just EAA-Pulver enth\u00e4lt die 8 essenziellen Aminos\u00e4uren, welche vom K\u00f6rper nicht selbst gebildet werden k\u00f6nnen, aber vor allem beim Muskelaufbau, beim Bodybuilding sowie bei Trainingseinheiten und sportlichen Aktivit\u00e4ten mit intensiver Muskelanstrengung ben\u00f6tigt werden. EAAs sind f\u00fcr den Organismus lebenswichtig. Man kann sie auch \u00fcber die Nahrung einnehmen, jedoch m\u00fcsste man sehr viel verschiedenes Essen wie zum Beispiel Fleisch, Eier, Gem\u00fcse etc. um alle Aminos\u00e4uren zu decken. Durch unser leckeres Just EAA in der Geschmacksrichtung Wildkirsche ist, dass nicht mehr der Fall. F\u00fcr Anf\u00e4nger und erfahrenen Sportler, die einen erh\u00f6hten Bedarf an Protein- und Aminos\u00e4uren besitzen ist dieses Nahrungserg\u00e4nzungsmittel ideal!<br \/>\nAlle unserer Produkte sind dopingfrei!<br \/>\nWas sind Aminos\u00e4uren:<br \/>\nDie 8 essenziellen Aminos\u00e4uren sind Isoleucin, Leucin, Lysin, Methionin, Phenylalanin, Threonin, Tryptophan und Valin. Die wichtigsten Aminos\u00e4uren f\u00fcr den ambitionierten Sportler sind die drei verzweigtkettigen BCAAs (branched-chain amino acids) Leucin Isoleucin und Valin. Au\u00dferdem enthalten sie die Vitamine B3, B6 und B12. Alle diese Aminos\u00e4uren und Vitamine sind in unserem Just EAA-Pulver enthalten<\/p>\n","protected":false},"excerpt":{"rendered":"<p>Neben den essenziellen Aminos\u00e4uren gibt es auch Aminos\u00e4uren, die nicht lebenswichtig sind. Der K\u00f6rper kann diese selber herstellen, daher werden diese als nicht-essenziell oder semi-essenziell bezeichnet. Die essentiellen Aminos\u00e4uren kann der K\u00f6rper hingegen nicht selber herstellen, weshalb du sie \u00fcber die Nahrung zuf\u00fchren musst. Der K\u00f6rper ben\u00f6tigt die Aminos\u00e4uren unter anderem f\u00fcr den Aufbau neuer Muskelzellen und f\u00fcr eine optimale Regeneration. Weshalb das Just Amino-EAA optimal<\/p>\n","protected":false},"featured_media":2000,"comment_status":"open","ping_status":"closed","template":"","meta":[],"product_brand":[],"product_cat":[52],"product_tag":[107,108,109,76],"class_list":{"0":"post-1930","1":"product","2":"type-product","3":"status-publish","4":"has-post-thumbnail","6":"product_cat-supplements","7":"product_tag-amino-eaa","8":"product_tag-aminosaeuren","9":"product_tag-just-amino-eaa","10":"product_tag-pulver","11":"pa_groesse-bekleidung-1000g","12":"pa_groesse-bekleidung-250g","13":"pa_groesse-bekleidung-500g","14":"pa_groesse-bekleidung-750g","16":"first","17":"instock","18":"taxable","19":"shipping-taxable","20":"purchasable","21":"product-type-simple"},"_links":{"self":[{"href":"https:\/\/justsport.springer.schule\/index.php?rest_route=\/wp\/v2\/product\/1930","targetHints":{"allow":["GET"]}}],"collection":[{"href":"https:\/\/justsport.springer.schule\/index.php?rest_route=\/wp\/v2\/product"}],"about":[{"href":"https:\/\/justsport.springer.schule\/index.php?rest_route=\/wp\/v2\/types\/product"}],"replies":[{"embeddable":true,"href":"https:\/\/justsport.springer.schule\/index.php?rest_route=%2Fwp%2Fv2%2Fcomments&post=1930"}],"wp:featuredmedia":[{"embeddable":true,"href":"https:\/\/justsport.springer.schule\/index.php?rest_route=\/wp\/v2\/media\/2000"}],"wp:attachment":[{"href":"https:\/\/justsport.springer.schule\/index.php?rest_route=%2Fwp%2Fv2%2Fmedia&parent=1930"}],"wp:term":[{"taxonomy":"product_brand","embeddable":true,"href":"https:\/\/justsport.springer.schule\/index.php?rest_route=%2Fwp%2Fv2%2Fproduct_brand&post=1930"},{"taxonomy":"product_cat","embeddable":true,"href":"https:\/\/justsport.springer.schule\/index.php?rest_route=%2Fwp%2Fv2%2Fproduct_cat&post=1930"},{"taxonomy":"product_tag","embeddable":true,"href":"https:\/\/justsport.springer.schule\/index.php?rest_route=%2Fwp%2Fv2%2Fproduct_tag&post=1930"}],"curies":[{"name":"wp","href":"https:\/\/api.w.org\/{rel}","templated":true}]}}