{"id":1929,"date":"2021-01-26T23:37:25","date_gmt":"2021-01-26T21:37:25","guid":{"rendered":"https:\/\/justsport.springer.schule\/?post_type=product&#038;p=1929"},"modified":"2024-05-15T11:43:49","modified_gmt":"2024-05-15T09:43:49","slug":"kurzhantelset","status":"publish","type":"product","link":"https:\/\/justsport.springer.schule\/?product=kurzhantelset","title":{"rendered":"Kurzhantelset"},"content":{"rendered":"<p>Kurzhanteln in verschiedenen Ausf\u00fchrungen sind ideal f\u00fcr das Krafttraining in den eigenen vier W\u00e4nden. Sternverschl\u00fcsse sorgen daf\u00fcr, dass die Hantelscheiben beim Training fest sitzen und die geriffelte Grifffl\u00e4che gew\u00e4hrleistet einen guten Halt. Die Kurzhanteln haben ein Maximalgewicht von 12kg und sind im Gewicht verstellbar. Sie sind vielseitig einsetzbar und geeignet um jede gew\u00fcnschte Muskelgruppe zu Reizen. Dieses Produkt darf in keinem Home-Gym fehlen.<\/p>\n","protected":false},"excerpt":{"rendered":"<p>Im Gewicht verstellbare Kurzhanteln bis max. 12kg.<\/p>\n","protected":false},"featured_media":3632,"comment_status":"open","ping_status":"closed","template":"","meta":[],"product_brand":[],"product_cat":[189],"product_tag":[110,111,68,66],"class_list":{"0":"post-1929","1":"product","2":"type-product","3":"status-publish","4":"has-post-thumbnail","6":"product_cat-fitnessgeraete","7":"product_tag-hanteln","8":"product_tag-kurzhanteln","9":"product_tag-muskelaufbau","10":"product_tag-training","12":"first","13":"instock","14":"taxable","15":"shipping-taxable","16":"purchasable","17":"product-type-simple"},"_links":{"self":[{"href":"https:\/\/justsport.springer.schule\/index.php?rest_route=\/wp\/v2\/product\/1929","targetHints":{"allow":["GET"]}}],"collection":[{"href":"https:\/\/justsport.springer.schule\/index.php?rest_route=\/wp\/v2\/product"}],"about":[{"href":"https:\/\/justsport.springer.schule\/index.php?rest_route=\/wp\/v2\/types\/product"}],"replies":[{"embeddable":true,"href":"https:\/\/justsport.springer.schule\/index.php?rest_route=%2Fwp%2Fv2%2Fcomments&post=1929"}],"wp:featuredmedia":[{"embeddable":true,"href":"https:\/\/justsport.springer.schule\/index.php?rest_route=\/wp\/v2\/media\/3632"}],"wp:attachment":[{"href":"https:\/\/justsport.springer.schule\/index.php?rest_route=%2Fwp%2Fv2%2Fmedia&parent=1929"}],"wp:term":[{"taxonomy":"product_brand","embeddable":true,"href":"https:\/\/justsport.springer.schule\/index.php?rest_route=%2Fwp%2Fv2%2Fproduct_brand&post=1929"},{"taxonomy":"product_cat","embeddable":true,"href":"https:\/\/justsport.springer.schule\/index.php?rest_route=%2Fwp%2Fv2%2Fproduct_cat&post=1929"},{"taxonomy":"product_tag","embeddable":true,"href":"https:\/\/justsport.springer.schule\/index.php?rest_route=%2Fwp%2Fv2%2Fproduct_tag&post=1929"}],"curies":[{"name":"wp","href":"https:\/\/api.w.org\/{rel}","templated":true}]}}