{"id":1928,"date":"2021-02-24T12:15:22","date_gmt":"2021-02-24T10:15:22","guid":{"rendered":"https:\/\/justsport.springer.schule\/?post_type=product&#038;p=1928"},"modified":"2024-05-15T11:41:34","modified_gmt":"2024-05-15T09:41:34","slug":"anfaenger-paket","status":"publish","type":"product","link":"https:\/\/justsport.springer.schule\/?product=anfaenger-paket","title":{"rendered":"Anf\u00e4nger Paket"},"content":{"rendered":"<div id=\"magicdomid8\" class=\"ace-line\"><span class=\"\">Ein Paket<\/span><span class=\"author-a-8z122zfi5uz69zwz75zz65zgmz84zmz69zz87z\">,<\/span> <span class=\"author-a-8z122zfi5uz69zwz75zz65zgmz84zmz69zz87z\">welches an Personen angepasst ist,<\/span><span class=\"\"> die <\/span><span class=\"author-a-8z122zfi5uz69zwz75zz65zgmz84zmz69zz87z\">sich erstmalig mit Sport besch\u00e4ftigen<\/span><span class=\"\"> und ihren <\/span><span class=\"author-a-8z122zfi5uz69zwz75zz65zgmz84zmz69zz87z\">K<\/span><span class=\"\">\u00f6rper st\u00e4<\/span><span class=\"author-a-oz80zz76zoz80z8z89z4z79zofz72zz74zz69ztj\">rke<\/span><span class=\"\">n wollen. Hier werden die f\u00fcr dich zust\u00e4ndigen Trainer deinen <\/span><span class=\"author-a-z79zz79ziz70zdgz66zrp8z78zwmz65z8z72z\">K<\/span><span class=\"\">\u00f6rper <\/span><span class=\"author-a-8z122zfi5uz69zwz75zz65zgmz84zmz69zz87z\">analysieren und essenzielle Tipps f\u00fcr das richtige Vorgehen nennen.\u00a0<\/span><span class=\"\">\u00a0<\/span><\/div>\n<div id=\"magicdomid9\" class=\"ace-line\"><span class=\"\">Dazu kannst du noch<\/span><span class=\"author-a-8z122zfi5uz69zwz75zz65zgmz84zmz69zz87z\"> unter unserer Beratung <\/span><span class=\"\">einen Ern\u00e4hrungsplan ausw\u00e4hlen. D<\/span><span class=\"author-a-8z122zfi5uz69zwz75zz65zgmz84zmz69zz87z\">er<\/span><span class=\"\"> Krafttraining<\/span><span class=\"author-a-8z122zfi5uz69zwz75zz65zgmz84zmz69zz87z\">splan<\/span> <span class=\"author-a-8z122zfi5uz69zwz75zz65zgmz84zmz69zz87z\">und der Outdoor-Plan sind im Angebot inbegriffen.<\/span><span class=\"\">\u00a0<\/span><\/div>\n","protected":false},"excerpt":{"rendered":"<p>Ein Paket f\u00fcr Anf\u00e4nger im Sport mit abwechslungsreichen Pl\u00e4nen, die f\u00fcr Outdoor und at Home sind. Ein Ern\u00e4hrungsplan und ein Krafttrainingsplan sind jeweils enthalten.<\/p>\n","protected":false},"featured_media":3629,"comment_status":"open","ping_status":"closed","template":"","meta":[],"product_brand":[],"product_cat":[187],"product_tag":[118,117],"class_list":{"0":"post-1928","1":"product","2":"type-product","3":"status-publish","4":"has-post-thumbnail","6":"product_cat-trainingsplanung-und-ernaehrungsberatung","7":"product_tag-anfaenger-paket","8":"product_tag-trainingsplan","9":"pa_trainingsplaene-abnehmen","10":"pa_trainingsplaene-zunehmen","12":"first","13":"instock","14":"sold-individually","15":"taxable","16":"shipping-taxable","17":"purchasable","18":"product-type-simple"},"_links":{"self":[{"href":"https:\/\/justsport.springer.schule\/index.php?rest_route=\/wp\/v2\/product\/1928","targetHints":{"allow":["GET"]}}],"collection":[{"href":"https:\/\/justsport.springer.schule\/index.php?rest_route=\/wp\/v2\/product"}],"about":[{"href":"https:\/\/justsport.springer.schule\/index.php?rest_route=\/wp\/v2\/types\/product"}],"replies":[{"embeddable":true,"href":"https:\/\/justsport.springer.schule\/index.php?rest_route=%2Fwp%2Fv2%2Fcomments&post=1928"}],"wp:featuredmedia":[{"embeddable":true,"href":"https:\/\/justsport.springer.schule\/index.php?rest_route=\/wp\/v2\/media\/3629"}],"wp:attachment":[{"href":"https:\/\/justsport.springer.schule\/index.php?rest_route=%2Fwp%2Fv2%2Fmedia&parent=1928"}],"wp:term":[{"taxonomy":"product_brand","embeddable":true,"href":"https:\/\/justsport.springer.schule\/index.php?rest_route=%2Fwp%2Fv2%2Fproduct_brand&post=1928"},{"taxonomy":"product_cat","embeddable":true,"href":"https:\/\/justsport.springer.schule\/index.php?rest_route=%2Fwp%2Fv2%2Fproduct_cat&post=1928"},{"taxonomy":"product_tag","embeddable":true,"href":"https:\/\/justsport.springer.schule\/index.php?rest_route=%2Fwp%2Fv2%2Fproduct_tag&post=1928"}],"curies":[{"name":"wp","href":"https:\/\/api.w.org\/{rel}","templated":true}]}}