{"id":1926,"date":"2021-02-24T12:16:22","date_gmt":"2021-02-24T10:16:22","guid":{"rendered":"https:\/\/justsport.springer.schule\/?post_type=product&#038;p=1926"},"modified":"2021-03-29T01:05:35","modified_gmt":"2021-03-28T23:05:35","slug":"just-booster","status":"publish","type":"product","link":"https:\/\/justsport.springer.schule\/?product=just-booster","title":{"rendered":"Just Booster"},"content":{"rendered":"<p>Der Just Booster besteht aus vielen verschiedenen Inhaltsstoffen und gelten als hoch spezialisiertes Nahrungserg\u00e4nzungsmittel. Jedes Produkt wirbt mit verschiedenen Inhaltsstoffen, die leistungssteigernde Wirkungen f\u00fcr deinen K\u00f6rper bieten sollen. Es gibt verschiedene Arten von Boostern, die unterschiedliche Effekte erzielen. So gibt es Supplements f\u00fcr die Trainingsfokussierung, Energiezufuhr oder den Pump. Diese Effekte werden durch verschiedene Zusammensetzungen von Inhaltsstoffen und deren Dosierung erreicht. Da jeder anders auf die Stimulanzien ist, k\u00f6nnen die Effekte bei dir, je nach Booster st\u00e4rker oder schw\u00e4cher ausfallen. Die Inhaltsstoffe auf, da sie dieselben Effekte beim Training erzielen sollen. Die Hauptbestandteile sind oft BCAAs sowie Guarana. Daneben findet sich Glutamin, Kreatin, Koffein sowie die beiden Aminos\u00e4uren L-Tyrosin und Beta-Alanin auf der Zutatenliste.<\/p>\n","protected":false},"excerpt":{"rendered":"<p>Unser neuer Just Booster ist f\u00fcr jeden Sportliebende jetzt verf\u00fcgbar. Dein Tranigen und deine Leistung werden auf ein neues Level gebracht. Unsere sorgf\u00e4ltig ausgew\u00e4hlten Inhaltsstoffe sorgen nicht nur f\u00fcr einen lang anhaltenden Pump, eine h\u00f6re mentale Leistung, sondern auch f\u00fcr eine verbesserte und motivierte Performance beim Work-out dauerhaft. Die die Inhaltsstoffe k\u00f6nnen die Konzentration f\u00f6rdern, die mentale Leistungsf\u00e4higkeit verbessern. Der Just Booster ist jetzt in der Geschmacksrichtung Mango &#8211; Maracuja erh\u00e4ltlich.<\/p>\n","protected":false},"featured_media":1998,"comment_status":"open","ping_status":"closed","template":"","meta":[],"product_brand":[],"product_cat":[52],"product_tag":[97,99,100,98,101],"class_list":{"0":"post-1926","1":"product","2":"type-product","3":"status-publish","4":"has-post-thumbnail","6":"product_cat-supplements","7":"product_tag-booster","8":"product_tag-just-booster","9":"product_tag-pump","10":"product_tag-trainingsbooster","11":"product_tag-trainingsfokuss","12":"pa_groesse-bekleidung-250g","13":"pa_groesse-bekleidung-500g","15":"first","16":"instock","17":"taxable","18":"shipping-taxable","19":"purchasable","20":"product-type-simple"},"_links":{"self":[{"href":"https:\/\/justsport.springer.schule\/index.php?rest_route=\/wp\/v2\/product\/1926","targetHints":{"allow":["GET"]}}],"collection":[{"href":"https:\/\/justsport.springer.schule\/index.php?rest_route=\/wp\/v2\/product"}],"about":[{"href":"https:\/\/justsport.springer.schule\/index.php?rest_route=\/wp\/v2\/types\/product"}],"replies":[{"embeddable":true,"href":"https:\/\/justsport.springer.schule\/index.php?rest_route=%2Fwp%2Fv2%2Fcomments&post=1926"}],"wp:featuredmedia":[{"embeddable":true,"href":"https:\/\/justsport.springer.schule\/index.php?rest_route=\/wp\/v2\/media\/1998"}],"wp:attachment":[{"href":"https:\/\/justsport.springer.schule\/index.php?rest_route=%2Fwp%2Fv2%2Fmedia&parent=1926"}],"wp:term":[{"taxonomy":"product_brand","embeddable":true,"href":"https:\/\/justsport.springer.schule\/index.php?rest_route=%2Fwp%2Fv2%2Fproduct_brand&post=1926"},{"taxonomy":"product_cat","embeddable":true,"href":"https:\/\/justsport.springer.schule\/index.php?rest_route=%2Fwp%2Fv2%2Fproduct_cat&post=1926"},{"taxonomy":"product_tag","embeddable":true,"href":"https:\/\/justsport.springer.schule\/index.php?rest_route=%2Fwp%2Fv2%2Fproduct_tag&post=1926"}],"curies":[{"name":"wp","href":"https:\/\/api.w.org\/{rel}","templated":true}]}}