{"id":1925,"date":"2021-01-26T23:08:25","date_gmt":"2021-01-26T21:08:25","guid":{"rendered":"https:\/\/justsport.springer.schule\/?post_type=product&#038;p=1925"},"modified":"2021-03-29T01:05:35","modified_gmt":"2021-03-28T23:05:35","slug":"just-cbd-oel","status":"publish","type":"product","link":"https:\/\/justsport.springer.schule\/?product=just-cbd-oel","title":{"rendered":"Just CBD-\u00d6l"},"content":{"rendered":"<p data-kx=\"64b61800-374c-4db9-b7f6-bfea1a50a2e7\">Cannabidiol (CBD) gilt als der wichtigste nicht psychoaktive Bestandteil der Hanfpflanze. Es wird aus der Cannabispflanze gewonnen, jedoch l\u00f6st es keinen rauschartigen Zustand aus. Cannabidiol ist f\u00fcr seine entspannende und krampfl\u00f6sende Wirkung bekannt und wird in unterschiedlichen Formen verkauft, unter anderem als CBD-\u00d6l. CBD ist in Deutschland seit 2011 als offizielle Therapie f\u00fcr seltene Arten von Epilepsie zugelassen, bei denen andere Therapieformen nicht wirksam sind. Die Vorteile durch die Einnahme der CBD Tropfen sind:\u00a0 Man ist fokussiert, wach, gelassen und lebensfroh. Au\u00dferdem ist der Konsum legal und man hat kein Tetrahydrocannabinol (THC) im Blut, da der Wert durch das Einnehmen zu gering ausf\u00e4llt.<\/p>\n","protected":false},"excerpt":{"rendered":"<p>Das CBD-\u00d6l soll unter anderem ein schmerzlinderndes und entspannendes potential besitzen. Au\u00dferdem wird es auch begleitend bei der Behandlung von Entz\u00fcndungen empfohlen, sodass CBD bei einer Vielfalt von Beschwerden Linderung verschaffen k\u00f6nnte. Anwender berichten von positiven Erfahrungen z. B. bei Depressionen, Schlaf- und Angstst\u00f6rungen und Regeneration nach dem Sport.<\/p>\n","protected":false},"featured_media":2001,"comment_status":"open","ping_status":"closed","template":"","meta":[],"product_brand":[],"product_cat":[52],"product_tag":[123,124,126,125],"class_list":{"0":"post-1925","1":"product","2":"type-product","3":"status-publish","4":"has-post-thumbnail","6":"product_cat-supplements","7":"product_tag-cbd-oel","8":"product_tag-just-cbd-oel","9":"product_tag-schmerzlindern","10":"product_tag-thc","12":"first","13":"instock","14":"taxable","15":"shipping-taxable","16":"purchasable","17":"product-type-simple"},"_links":{"self":[{"href":"https:\/\/justsport.springer.schule\/index.php?rest_route=\/wp\/v2\/product\/1925","targetHints":{"allow":["GET"]}}],"collection":[{"href":"https:\/\/justsport.springer.schule\/index.php?rest_route=\/wp\/v2\/product"}],"about":[{"href":"https:\/\/justsport.springer.schule\/index.php?rest_route=\/wp\/v2\/types\/product"}],"replies":[{"embeddable":true,"href":"https:\/\/justsport.springer.schule\/index.php?rest_route=%2Fwp%2Fv2%2Fcomments&post=1925"}],"wp:featuredmedia":[{"embeddable":true,"href":"https:\/\/justsport.springer.schule\/index.php?rest_route=\/wp\/v2\/media\/2001"}],"wp:attachment":[{"href":"https:\/\/justsport.springer.schule\/index.php?rest_route=%2Fwp%2Fv2%2Fmedia&parent=1925"}],"wp:term":[{"taxonomy":"product_brand","embeddable":true,"href":"https:\/\/justsport.springer.schule\/index.php?rest_route=%2Fwp%2Fv2%2Fproduct_brand&post=1925"},{"taxonomy":"product_cat","embeddable":true,"href":"https:\/\/justsport.springer.schule\/index.php?rest_route=%2Fwp%2Fv2%2Fproduct_cat&post=1925"},{"taxonomy":"product_tag","embeddable":true,"href":"https:\/\/justsport.springer.schule\/index.php?rest_route=%2Fwp%2Fv2%2Fproduct_tag&post=1925"}],"curies":[{"name":"wp","href":"https:\/\/api.w.org\/{rel}","templated":true}]}}