{"id":1923,"date":"2021-01-26T23:05:28","date_gmt":"2021-01-26T21:05:28","guid":{"rendered":"https:\/\/justsport.springer.schule\/?post_type=product&#038;p=1923"},"modified":"2024-05-15T12:02:09","modified_gmt":"2024-05-15T10:02:09","slug":"fitnessbaender","status":"publish","type":"product","link":"https:\/\/justsport.springer.schule\/?product=fitnessbaender","title":{"rendered":"Fitnessb\u00e4nder"},"content":{"rendered":"<p>Mit den Fitnessb\u00e4ndern k\u00f6nnen Sie sowohl indoor als auch outdoor trainieren. Die B\u00e4nder sind leicht und passen zusammengefaltet in jedes Reisegep\u00e4ck. Es lassen sich s\u00e4mtliche Muskelgruppen wie H\u00fcfte, Bauch, Brust, Schulter, R\u00fccken trainieren. Die 4 B\u00e4nder sind in unterschiedlichen Zugst\u00e4rken vorhanden die Ihnen zur Auswahl stehen, je nachdem wie intensiv Sie sich fordern m\u00f6chten.<\/p>\n","protected":false},"excerpt":{"rendered":"<p>Die Fitnessb\u00e4nder stehen ihnen in verschiedenen Zugst\u00e4rken zur Verf\u00fcgung.<\/p>\n","protected":false},"featured_media":3650,"comment_status":"open","ping_status":"closed","template":"","meta":[],"product_brand":[],"product_cat":[189],"product_tag":[94,95,67,96],"class_list":{"0":"post-1923","1":"product","2":"type-product","3":"status-publish","4":"has-post-thumbnail","6":"product_cat-fitnessgeraete","7":"product_tag-fitnessband","8":"product_tag-muskeltreining","9":"product_tag-sport","10":"product_tag-sportgeraete","12":"first","13":"instock","14":"taxable","15":"shipping-taxable","16":"purchasable","17":"product-type-simple"},"_links":{"self":[{"href":"https:\/\/justsport.springer.schule\/index.php?rest_route=\/wp\/v2\/product\/1923","targetHints":{"allow":["GET"]}}],"collection":[{"href":"https:\/\/justsport.springer.schule\/index.php?rest_route=\/wp\/v2\/product"}],"about":[{"href":"https:\/\/justsport.springer.schule\/index.php?rest_route=\/wp\/v2\/types\/product"}],"replies":[{"embeddable":true,"href":"https:\/\/justsport.springer.schule\/index.php?rest_route=%2Fwp%2Fv2%2Fcomments&post=1923"}],"wp:featuredmedia":[{"embeddable":true,"href":"https:\/\/justsport.springer.schule\/index.php?rest_route=\/wp\/v2\/media\/3650"}],"wp:attachment":[{"href":"https:\/\/justsport.springer.schule\/index.php?rest_route=%2Fwp%2Fv2%2Fmedia&parent=1923"}],"wp:term":[{"taxonomy":"product_brand","embeddable":true,"href":"https:\/\/justsport.springer.schule\/index.php?rest_route=%2Fwp%2Fv2%2Fproduct_brand&post=1923"},{"taxonomy":"product_cat","embeddable":true,"href":"https:\/\/justsport.springer.schule\/index.php?rest_route=%2Fwp%2Fv2%2Fproduct_cat&post=1923"},{"taxonomy":"product_tag","embeddable":true,"href":"https:\/\/justsport.springer.schule\/index.php?rest_route=%2Fwp%2Fv2%2Fproduct_tag&post=1923"}],"curies":[{"name":"wp","href":"https:\/\/api.w.org\/{rel}","templated":true}]}}