{"id":1921,"date":"2021-01-26T23:27:43","date_gmt":"2021-01-26T21:27:43","guid":{"rendered":"https:\/\/justsport.springer.schule\/?post_type=product&#038;p=1921"},"modified":"2021-03-29T01:05:35","modified_gmt":"2021-03-28T23:05:35","slug":"just-all-in-one-vitamine-tabletten","status":"publish","type":"product","link":"https:\/\/justsport.springer.schule\/?product=just-all-in-one-vitamine-tabletten","title":{"rendered":"Just All-In-One Vitamine Tabletten"},"content":{"rendered":"<p>Just Vitamine All-In-One sichert eine bequeme Grundversorgung mit allen wichtigen Vitaminen, Mineralstoffen, Spurenelementen, Aminos\u00e4uren, Vitalstoffen und Pflanzenstoffen in einem einzigen Pr\u00e4parat. Die wichtigsten N\u00e4hrstoffe, eingebettet in einer Struktur von herausragenden Superfood-Pulvern aus 24 Sorten Kr\u00e4utern, Obst und Gem\u00fcse. Ideal f\u00fcr die t\u00e4gliche Grundversorgung. Just Vitamine All-In-One deckt den Tagesbedarf von Vitamin C, des gesamten Vitamin-B-Komplex inklusive wichtiger Faktoren, der fettl\u00f6slichen Vitamine und Spurenelemente. Die Wirkung von Magnesium und Zink tr\u00e4gt zur Verringerung von M\u00fcdigkeit und Erm\u00fcdung bei und sch\u00fctzt die Zellen vor oxidativem Stress. Durch eine gezielte Auswahl von hochwertigen Superfoods versorgt Just Vitamine All-In-One Sie mit besonders gesunden pflanzlichen Lebensmittel, die nat\u00fcrlicherweise reich an Vitaminen, sekund\u00e4ren Pflanzenstoffen, Mineralstoffen, Omega-3-Fetts\u00e4uren und anderen wertvollen Inhaltsstoffen sind.<\/p>\n","protected":false},"excerpt":{"rendered":"<p>Mit der Just Vitamine All-In-One Dose, haben Sie alle wichtigen Vitamine und N\u00e4hrstoffe, die f\u00fcr Sie und Ihr Training von Bedeutung sind in einer einzigen Kapsel dabei. Ein einzigartig breites Spektrum an Vital- und Pflanzenstoffen. Algen, Polyphenolen und naturbelassenen Superfoodpulvern. Handverlesen zusammengestellt aus den besten Einzelwirkstoffen, ohne jegliche Zus\u00e4tze, 100% vegan.<\/p>\n","protected":false},"featured_media":1995,"comment_status":"open","ping_status":"closed","template":"","meta":[],"product_brand":[],"product_cat":[52],"product_tag":[89,90,88],"class_list":{"0":"post-1921","1":"product","2":"type-product","3":"status-publish","4":"has-post-thumbnail","6":"product_cat-supplements","7":"product_tag-just-all-in-one","8":"product_tag-tabletten","9":"product_tag-vitamine","10":"pa_groesse-bekleidung-120-kapseln","11":"pa_groesse-bekleidung-240-kapseln","12":"pa_groesse-bekleidung-360-kapseln","14":"first","15":"instock","16":"taxable","17":"shipping-taxable","18":"purchasable","19":"product-type-simple"},"_links":{"self":[{"href":"https:\/\/justsport.springer.schule\/index.php?rest_route=\/wp\/v2\/product\/1921","targetHints":{"allow":["GET"]}}],"collection":[{"href":"https:\/\/justsport.springer.schule\/index.php?rest_route=\/wp\/v2\/product"}],"about":[{"href":"https:\/\/justsport.springer.schule\/index.php?rest_route=\/wp\/v2\/types\/product"}],"replies":[{"embeddable":true,"href":"https:\/\/justsport.springer.schule\/index.php?rest_route=%2Fwp%2Fv2%2Fcomments&post=1921"}],"wp:featuredmedia":[{"embeddable":true,"href":"https:\/\/justsport.springer.schule\/index.php?rest_route=\/wp\/v2\/media\/1995"}],"wp:attachment":[{"href":"https:\/\/justsport.springer.schule\/index.php?rest_route=%2Fwp%2Fv2%2Fmedia&parent=1921"}],"wp:term":[{"taxonomy":"product_brand","embeddable":true,"href":"https:\/\/justsport.springer.schule\/index.php?rest_route=%2Fwp%2Fv2%2Fproduct_brand&post=1921"},{"taxonomy":"product_cat","embeddable":true,"href":"https:\/\/justsport.springer.schule\/index.php?rest_route=%2Fwp%2Fv2%2Fproduct_cat&post=1921"},{"taxonomy":"product_tag","embeddable":true,"href":"https:\/\/justsport.springer.schule\/index.php?rest_route=%2Fwp%2Fv2%2Fproduct_tag&post=1921"}],"curies":[{"name":"wp","href":"https:\/\/api.w.org\/{rel}","templated":true}]}}