{"id":1918,"date":"2021-01-26T22:46:08","date_gmt":"2021-01-26T20:46:08","guid":{"rendered":"https:\/\/justsport.springer.schule\/?post_type=product&#038;p=1918"},"modified":"2024-05-15T11:48:55","modified_gmt":"2024-05-15T09:48:55","slug":"medizinball","status":"publish","type":"product","link":"https:\/\/justsport.springer.schule\/?product=medizinball","title":{"rendered":"Medizinball"},"content":{"rendered":"<p>Sie erhalten einen 5 kg Medizinball aus hochwertigem Gummi. Die Oberfl\u00e4che des Balls ist griffig und somit ideal f\u00fcr das Kraft- und Konditionstraining. Der Durchmesser des Medizinballs betr\u00e4gt ca. 25 cm.<br \/>\nDas Gummiventil erm\u00f6glicht eine einfache Regulierung des Luftdrucks im Ball. Verbessern auch sie ihr Training mit dem von Profisportlern allseits beliebten Medizinball.<\/p>\n","protected":false},"excerpt":{"rendered":"<p>Medizinball, 5 kg schwer, aus hochwertigem Gummi.<\/p>\n","protected":false},"featured_media":3640,"comment_status":"open","ping_status":"closed","template":"","meta":[],"product_brand":[],"product_cat":[189],"product_tag":[92,91,68,67,66,93],"class_list":{"0":"post-1918","1":"product","2":"type-product","3":"status-publish","4":"has-post-thumbnail","6":"product_cat-fitnessgeraete","7":"product_tag-kondition","8":"product_tag-mediziball","9":"product_tag-muskelaufbau","10":"product_tag-sport","11":"product_tag-training","12":"product_tag-trainingsgeraete","13":"pa_groesse-bekleidung-l","14":"pa_groesse-bekleidung-m","15":"pa_groesse-bekleidung-s","16":"pa_groesse-bekleidung-xl","18":"first","19":"instock","20":"taxable","21":"shipping-taxable","22":"purchasable","23":"product-type-simple"},"_links":{"self":[{"href":"https:\/\/justsport.springer.schule\/index.php?rest_route=\/wp\/v2\/product\/1918","targetHints":{"allow":["GET"]}}],"collection":[{"href":"https:\/\/justsport.springer.schule\/index.php?rest_route=\/wp\/v2\/product"}],"about":[{"href":"https:\/\/justsport.springer.schule\/index.php?rest_route=\/wp\/v2\/types\/product"}],"replies":[{"embeddable":true,"href":"https:\/\/justsport.springer.schule\/index.php?rest_route=%2Fwp%2Fv2%2Fcomments&post=1918"}],"wp:featuredmedia":[{"embeddable":true,"href":"https:\/\/justsport.springer.schule\/index.php?rest_route=\/wp\/v2\/media\/3640"}],"wp:attachment":[{"href":"https:\/\/justsport.springer.schule\/index.php?rest_route=%2Fwp%2Fv2%2Fmedia&parent=1918"}],"wp:term":[{"taxonomy":"product_brand","embeddable":true,"href":"https:\/\/justsport.springer.schule\/index.php?rest_route=%2Fwp%2Fv2%2Fproduct_brand&post=1918"},{"taxonomy":"product_cat","embeddable":true,"href":"https:\/\/justsport.springer.schule\/index.php?rest_route=%2Fwp%2Fv2%2Fproduct_cat&post=1918"},{"taxonomy":"product_tag","embeddable":true,"href":"https:\/\/justsport.springer.schule\/index.php?rest_route=%2Fwp%2Fv2%2Fproduct_tag&post=1918"}],"curies":[{"name":"wp","href":"https:\/\/api.w.org\/{rel}","templated":true}]}}