{"id":1917,"date":"2021-02-24T12:17:46","date_gmt":"2021-02-24T10:17:46","guid":{"rendered":"https:\/\/justsport.springer.schule\/?post_type=product&#038;p=1917"},"modified":"2024-05-15T11:39:41","modified_gmt":"2024-05-15T09:39:41","slug":"fortgeschrittener-paket","status":"publish","type":"product","link":"https:\/\/justsport.springer.schule\/?product=fortgeschrittener-paket","title":{"rendered":"Fortgeschrittener Paket"},"content":{"rendered":"<p>Der fortgeschrittene Trainingsplan, die im Angebot einen Krafttrainingsplan, Ern\u00e4hrungsplan und \u00a0at Home Trainingsplan haben. Dazu kommt noch der Fortgeschrittener kann regelm\u00e4\u00dfig Kurse besuchen und denn f\u00fcr ihn zust\u00e4ndigen Trainer Fragen und Hilfe bekommen. Hier gehen wir individuell auf denn Kunden ein und verbessern seine Schw\u00e4chen mit einem am Anfang entstehenden Leistungstest. Darauf beziehen wir die Trainingspl\u00e4ne und Entwicklung des Kunden.<\/p>\n","protected":false},"excerpt":{"rendered":"<p>Trainingsplan f\u00fcr Personen, die ihre Leistung steigern wollen.<\/p>\n","protected":false},"featured_media":3626,"comment_status":"open","ping_status":"closed","template":"","meta":[],"product_brand":[],"product_cat":[187],"product_tag":[],"class_list":{"0":"post-1917","1":"product","2":"type-product","3":"status-publish","4":"has-post-thumbnail","6":"product_cat-trainingsplanung-und-ernaehrungsberatung","8":"first","9":"instock","10":"taxable","11":"shipping-taxable","12":"purchasable","13":"product-type-simple"},"_links":{"self":[{"href":"https:\/\/justsport.springer.schule\/index.php?rest_route=\/wp\/v2\/product\/1917","targetHints":{"allow":["GET"]}}],"collection":[{"href":"https:\/\/justsport.springer.schule\/index.php?rest_route=\/wp\/v2\/product"}],"about":[{"href":"https:\/\/justsport.springer.schule\/index.php?rest_route=\/wp\/v2\/types\/product"}],"replies":[{"embeddable":true,"href":"https:\/\/justsport.springer.schule\/index.php?rest_route=%2Fwp%2Fv2%2Fcomments&post=1917"}],"wp:featuredmedia":[{"embeddable":true,"href":"https:\/\/justsport.springer.schule\/index.php?rest_route=\/wp\/v2\/media\/3626"}],"wp:attachment":[{"href":"https:\/\/justsport.springer.schule\/index.php?rest_route=%2Fwp%2Fv2%2Fmedia&parent=1917"}],"wp:term":[{"taxonomy":"product_brand","embeddable":true,"href":"https:\/\/justsport.springer.schule\/index.php?rest_route=%2Fwp%2Fv2%2Fproduct_brand&post=1917"},{"taxonomy":"product_cat","embeddable":true,"href":"https:\/\/justsport.springer.schule\/index.php?rest_route=%2Fwp%2Fv2%2Fproduct_cat&post=1917"},{"taxonomy":"product_tag","embeddable":true,"href":"https:\/\/justsport.springer.schule\/index.php?rest_route=%2Fwp%2Fv2%2Fproduct_tag&post=1917"}],"curies":[{"name":"wp","href":"https:\/\/api.w.org\/{rel}","templated":true}]}}