{"id":1915,"date":"2020-11-18T13:40:36","date_gmt":"2020-11-18T11:40:36","guid":{"rendered":"https:\/\/justsport.springer.schule\/?post_type=product&#038;p=1915"},"modified":"2021-03-29T01:05:35","modified_gmt":"2021-03-28T23:05:35","slug":"just-creatin-monohydrat-pulver","status":"publish","type":"product","link":"https:\/\/justsport.springer.schule\/?product=just-creatin-monohydrat-pulver","title":{"rendered":"Just Creatin Monohydrat Pulver"},"content":{"rendered":"<p>Kreatin Monohydrat verbessert den Wasserhaushalt in der Muskelzelle und schafft damit eine der wichtigsten Voraussetzungen f\u00fcr die Proteinsynthese nach sportlichen Belastungen. Nutzen auch Sie die Vorteile von JUST <span class=\"hiddenSpellError\">CREATIN<\/span> MONOHYDRAT, steigern sie damit ihre Maximalkraft und den Muskelaufbau. Eine <span class=\"hiddenSpellError\">Creatinanreicherung<\/span> im Muskel z\u00f6gert bei Kurzzeit- und intensiven Belastungen die Erm\u00fcdung hinaus. Dadurch sind h\u00f6here Trainingsintensit\u00e4ten m\u00f6glich, wodurch ihre Maximalkraft und dadurch der Muskelaufbau effektiv gesteigert werden. Kreatin wird in der Niere, der Leber und in der Bauchspeicheldr\u00fcse synthetisiert und leitet sich formal von den Aminos\u00e4uren Glycin, Arginin und Methionin ab. Um auf sichere 3 Gramm Kreatin zu kommen, m\u00fcssten sie t\u00e4glich mehr als ein halbes Kilo Fleisch oder Fisch zu sich nehmen, was teuer und r<span class=\"hiddenSpellError\">essourcenverzehrend<\/span> w\u00e4re. Um ihrem K\u00f6rper die perfekte Menge <span class=\"hiddenSpellError\">Creatin<\/span> ohne unn\u00f6tig \u00fcberm\u00e4\u00dfiger Ressourcenverschwendung zu garantieren, ist unser Produkt die richtige Wahl.<\/p>\n","protected":false},"excerpt":{"rendered":"<p>100% reines Kreatin Monohydrat Pulver<\/p>\n","protected":false},"featured_media":1993,"comment_status":"open","ping_status":"closed","template":"","meta":[],"product_brand":[],"product_cat":[52],"product_tag":[75,79,78,77,76],"class_list":{"0":"post-1915","1":"product","2":"type-product","3":"status-publish","4":"has-post-thumbnail","6":"product_cat-supplements","7":"product_tag-creatin","8":"product_tag-just-creatin","9":"product_tag-monohydrat","10":"product_tag-muskelwachstum","11":"product_tag-pulver","13":"first","14":"instock","15":"taxable","16":"shipping-taxable","17":"purchasable","18":"product-type-simple"},"_links":{"self":[{"href":"https:\/\/justsport.springer.schule\/index.php?rest_route=\/wp\/v2\/product\/1915","targetHints":{"allow":["GET"]}}],"collection":[{"href":"https:\/\/justsport.springer.schule\/index.php?rest_route=\/wp\/v2\/product"}],"about":[{"href":"https:\/\/justsport.springer.schule\/index.php?rest_route=\/wp\/v2\/types\/product"}],"replies":[{"embeddable":true,"href":"https:\/\/justsport.springer.schule\/index.php?rest_route=%2Fwp%2Fv2%2Fcomments&post=1915"}],"wp:featuredmedia":[{"embeddable":true,"href":"https:\/\/justsport.springer.schule\/index.php?rest_route=\/wp\/v2\/media\/1993"}],"wp:attachment":[{"href":"https:\/\/justsport.springer.schule\/index.php?rest_route=%2Fwp%2Fv2%2Fmedia&parent=1915"}],"wp:term":[{"taxonomy":"product_brand","embeddable":true,"href":"https:\/\/justsport.springer.schule\/index.php?rest_route=%2Fwp%2Fv2%2Fproduct_brand&post=1915"},{"taxonomy":"product_cat","embeddable":true,"href":"https:\/\/justsport.springer.schule\/index.php?rest_route=%2Fwp%2Fv2%2Fproduct_cat&post=1915"},{"taxonomy":"product_tag","embeddable":true,"href":"https:\/\/justsport.springer.schule\/index.php?rest_route=%2Fwp%2Fv2%2Fproduct_tag&post=1915"}],"curies":[{"name":"wp","href":"https:\/\/api.w.org\/{rel}","templated":true}]}}