{"id":1910,"date":"2020-11-11T16:28:03","date_gmt":"2020-11-11T14:28:03","guid":{"rendered":"https:\/\/justsport.springer.schule\/?post_type=product&#038;p=1910"},"modified":"2024-05-15T11:51:57","modified_gmt":"2024-05-15T09:51:57","slug":"kettlebellset","status":"publish","type":"product","link":"https:\/\/justsport.springer.schule\/?product=kettlebellset","title":{"rendered":"Kettlebellset"},"content":{"rendered":"<p>Sie erhalten ein hochwertiges Kugelhantel-Set in Studioqualit\u00e4t. Das Set enth\u00e4lt Hanteln in der Gr\u00f6\u00dfe 4,8 und 12 kg. Die Kugelhanteln sind sowohl f\u00fcr das Muskeltraining wie auch im Fitness,- Aerobic,- und im Rehabilitationsbereich einsetzbar. Das Training mit den Kettlebells eignet sich hervorragend f\u00fcr den Aufbau sowie die Erhaltung der Muskulatur. Mit regelm\u00e4\u00dfigem Training erzielen Sie nicht nur Erfolge beim Muskelaufbau, sondern verbrennen nebenbei auch noch effizient K\u00f6rperfett. Das Kettlebell Set ist dank seiner praktischen Form vielseitig einsetzbar.<\/p>\n","protected":false},"excerpt":{"rendered":"<p>Kettlebell set mit 3 Kettlebells (4 kg ,8 kg und 12 kg)<\/p>\n","protected":false},"featured_media":3644,"comment_status":"open","ping_status":"closed","template":"","meta":[],"product_brand":[],"product_cat":[189],"product_tag":[63,64,65,68,67,66],"class_list":{"0":"post-1910","1":"product","2":"type-product","3":"status-publish","4":"has-post-thumbnail","6":"product_cat-fitnessgeraete","7":"product_tag-gewichte","8":"product_tag-hantel","9":"product_tag-kurzhantel","10":"product_tag-muskelaufbau","11":"product_tag-sport","12":"product_tag-training","14":"first","15":"instock","16":"taxable","17":"shipping-taxable","18":"purchasable","19":"product-type-simple"},"_links":{"self":[{"href":"https:\/\/justsport.springer.schule\/index.php?rest_route=\/wp\/v2\/product\/1910","targetHints":{"allow":["GET"]}}],"collection":[{"href":"https:\/\/justsport.springer.schule\/index.php?rest_route=\/wp\/v2\/product"}],"about":[{"href":"https:\/\/justsport.springer.schule\/index.php?rest_route=\/wp\/v2\/types\/product"}],"replies":[{"embeddable":true,"href":"https:\/\/justsport.springer.schule\/index.php?rest_route=%2Fwp%2Fv2%2Fcomments&post=1910"}],"wp:featuredmedia":[{"embeddable":true,"href":"https:\/\/justsport.springer.schule\/index.php?rest_route=\/wp\/v2\/media\/3644"}],"wp:attachment":[{"href":"https:\/\/justsport.springer.schule\/index.php?rest_route=%2Fwp%2Fv2%2Fmedia&parent=1910"}],"wp:term":[{"taxonomy":"product_brand","embeddable":true,"href":"https:\/\/justsport.springer.schule\/index.php?rest_route=%2Fwp%2Fv2%2Fproduct_brand&post=1910"},{"taxonomy":"product_cat","embeddable":true,"href":"https:\/\/justsport.springer.schule\/index.php?rest_route=%2Fwp%2Fv2%2Fproduct_cat&post=1910"},{"taxonomy":"product_tag","embeddable":true,"href":"https:\/\/justsport.springer.schule\/index.php?rest_route=%2Fwp%2Fv2%2Fproduct_tag&post=1910"}],"curies":[{"name":"wp","href":"https:\/\/api.w.org\/{rel}","templated":true}]}}