{"id":1904,"date":"2021-02-24T12:18:02","date_gmt":"2021-02-24T10:18:02","guid":{"rendered":"https:\/\/justsport.springer.schule\/?post_type=product&#038;p=1904"},"modified":"2024-05-15T11:37:47","modified_gmt":"2024-05-15T09:37:47","slug":"top-athlet-paket","status":"publish","type":"product","link":"https:\/\/justsport.springer.schule\/?product=top-athlet-paket","title":{"rendered":"Top Athlet Paket"},"content":{"rendered":"<p>Ein Paket f\u00fcr Top Athleten, die im Angebot einen Krafttrainingsplan, Ern\u00e4hrungsplan und at Home Trainingsplan haben. Dazu kommt noch der Top Athlet kann jeden Tag Kurse besuchen und denn f\u00fcr ihn zust\u00e4ndigen Trainer Fragen und Hilfe bekommen. Hier gehen wir individuell auf denn Kunden ein und verbessern seine Schw\u00e4chen mit einem am Anfang entstehenden Leistungstest. Darauf beziehen wir die Trainingspl\u00e4ne und Entwicklung des Kunden.<\/p>\n","protected":false},"excerpt":{"rendered":"<p>Ein Trainingspaket f\u00fcr Top Athleten, die Erfahrungen mit Sport haben und ihre Leistung verbessern wollen.<\/p>\n<p>Dazu ist ein Ern\u00e4hrungsplan zum Ausw\u00e4hlen und Kraftplan.<\/p>\n<p>&nbsp;<\/p>\n","protected":false},"featured_media":3623,"comment_status":"open","ping_status":"closed","template":"","meta":[],"product_brand":[],"product_cat":[187],"product_tag":[62,61,60,59],"class_list":{"0":"post-1904","1":"product","2":"type-product","3":"status-publish","4":"has-post-thumbnail","6":"product_cat-trainingsplanung-und-ernaehrungsberatung","7":"product_tag-anfaenger","8":"product_tag-fortgeschrittener","9":"product_tag-top-athlet","10":"product_tag-trainingspakete","12":"first","13":"instock","14":"taxable","15":"shipping-taxable","16":"purchasable","17":"product-type-simple"},"_links":{"self":[{"href":"https:\/\/justsport.springer.schule\/index.php?rest_route=\/wp\/v2\/product\/1904","targetHints":{"allow":["GET"]}}],"collection":[{"href":"https:\/\/justsport.springer.schule\/index.php?rest_route=\/wp\/v2\/product"}],"about":[{"href":"https:\/\/justsport.springer.schule\/index.php?rest_route=\/wp\/v2\/types\/product"}],"replies":[{"embeddable":true,"href":"https:\/\/justsport.springer.schule\/index.php?rest_route=%2Fwp%2Fv2%2Fcomments&post=1904"}],"wp:featuredmedia":[{"embeddable":true,"href":"https:\/\/justsport.springer.schule\/index.php?rest_route=\/wp\/v2\/media\/3623"}],"wp:attachment":[{"href":"https:\/\/justsport.springer.schule\/index.php?rest_route=%2Fwp%2Fv2%2Fmedia&parent=1904"}],"wp:term":[{"taxonomy":"product_brand","embeddable":true,"href":"https:\/\/justsport.springer.schule\/index.php?rest_route=%2Fwp%2Fv2%2Fproduct_brand&post=1904"},{"taxonomy":"product_cat","embeddable":true,"href":"https:\/\/justsport.springer.schule\/index.php?rest_route=%2Fwp%2Fv2%2Fproduct_cat&post=1904"},{"taxonomy":"product_tag","embeddable":true,"href":"https:\/\/justsport.springer.schule\/index.php?rest_route=%2Fwp%2Fv2%2Fproduct_tag&post=1904"}],"curies":[{"name":"wp","href":"https:\/\/api.w.org\/{rel}","templated":true}]}}