{"id":1903,"date":"2021-01-27T00:40:28","date_gmt":"2021-01-26T22:40:28","guid":{"rendered":"https:\/\/justsport.springer.schule\/?post_type=product&#038;p=1903"},"modified":"2024-05-15T12:06:37","modified_gmt":"2024-05-15T10:06:37","slug":"wildwasserrafting","status":"publish","type":"product","link":"https:\/\/justsport.springer.schule\/?product=wildwasserrafting","title":{"rendered":"Wildwasserrafting"},"content":{"rendered":"<p>Sp\u00fcren Sie das Adrenalin in den Adern, wenn Sie auf einem Schlauchboot den Rhein hinunterfahren. Erleben Sie Teamarbeit wie nie zuvor, wenn Sie sich gemeinsam durch die Wellen k\u00e4mpfen. Nach einem feucht-wilden Abenteuer holen Sie sich Ihre verdiente St\u00e4rkung beim sch\u00f6nsten Ambiente, das Mitteldeutschland zu bieten hat, in einem Biergarten direkt am Rheinufer ab.<\/p>\n<p>Also nichts wie los in ein unvergessliches Abenteuer!<\/p>\n<p>*Reisegruppengr\u00f6\u00dfe 10 Personen<\/p>\n","protected":false},"excerpt":{"rendered":"<p>Eine wilde Wassersportreise f\u00fcr sie und ihr Team.<\/p>\n","protected":false},"featured_media":3653,"comment_status":"open","ping_status":"closed","template":"","meta":[],"product_brand":[],"product_cat":[188],"product_tag":[70,69],"class_list":{"0":"post-1903","1":"product","2":"type-product","3":"status-publish","4":"has-post-thumbnail","6":"product_cat-just-sportreisen","7":"product_tag-reisen","8":"product_tag-wassersport","10":"first","11":"instock","12":"taxable","13":"shipping-taxable","14":"purchasable","15":"product-type-simple"},"_links":{"self":[{"href":"https:\/\/justsport.springer.schule\/index.php?rest_route=\/wp\/v2\/product\/1903","targetHints":{"allow":["GET"]}}],"collection":[{"href":"https:\/\/justsport.springer.schule\/index.php?rest_route=\/wp\/v2\/product"}],"about":[{"href":"https:\/\/justsport.springer.schule\/index.php?rest_route=\/wp\/v2\/types\/product"}],"replies":[{"embeddable":true,"href":"https:\/\/justsport.springer.schule\/index.php?rest_route=%2Fwp%2Fv2%2Fcomments&post=1903"}],"wp:featuredmedia":[{"embeddable":true,"href":"https:\/\/justsport.springer.schule\/index.php?rest_route=\/wp\/v2\/media\/3653"}],"wp:attachment":[{"href":"https:\/\/justsport.springer.schule\/index.php?rest_route=%2Fwp%2Fv2%2Fmedia&parent=1903"}],"wp:term":[{"taxonomy":"product_brand","embeddable":true,"href":"https:\/\/justsport.springer.schule\/index.php?rest_route=%2Fwp%2Fv2%2Fproduct_brand&post=1903"},{"taxonomy":"product_cat","embeddable":true,"href":"https:\/\/justsport.springer.schule\/index.php?rest_route=%2Fwp%2Fv2%2Fproduct_cat&post=1903"},{"taxonomy":"product_tag","embeddable":true,"href":"https:\/\/justsport.springer.schule\/index.php?rest_route=%2Fwp%2Fv2%2Fproduct_tag&post=1903"}],"curies":[{"name":"wp","href":"https:\/\/api.w.org\/{rel}","templated":true}]}}