{"id":1902,"date":"2020-11-11T16:01:07","date_gmt":"2020-11-11T14:01:07","guid":{"rendered":"https:\/\/justsport.springer.schule\/?post_type=product&#038;p=1902"},"modified":"2021-03-29T01:05:35","modified_gmt":"2021-03-28T23:05:35","slug":"just-protein-pulver-isolat","status":"publish","type":"product","link":"https:\/\/justsport.springer.schule\/?product=just-protein-pulver-isolat","title":{"rendered":"Just Protein Pulver Isolat"},"content":{"rendered":"<p style=\"text-align: left\">Vielleicht fragen Sie sich, welche genaue Funktion das Just Protein Pulver Isolat hat. Die Funktion ist Simpel und dennoch essenziell. Die Folgen des Kraft- und Ausdauertrainings sind kleine Risse, welche in den Muskelfasern entstehen. Zum Wiederaufbau dieser Risse ben\u00f6tigt der K\u00f6rper Proteine. Das Ergebnis davon ist der Muskelwachstum. Allerdings ist das daf\u00fcr n\u00f6tige Protein Spektrum nur schwer durch normale Lebensmittel abzudecken. Um ihrem K\u00f6rper die Sicherheit eines effektiven Muskelwachstums zu garantieren, empfehlen wir Just Protein Pulver Isolat. Der 90 &#8211; prozentige Proteingehalt wird vollst\u00e4ndig aus Molke gewonnen<\/p>\n<p>&nbsp;<\/p>\n","protected":false},"excerpt":{"rendered":"<p style=\"text-align: left\">Das Just Protein Pulver Isolat besteht aus hochqualitativen Protein-Isolat und ist die perfektive Unterst\u00fctzung f\u00fcr den Muskelaufbau. Neben der ausgezeichneten Vertr\u00e4glichkeit und Wirksamkeit bietet das Just Protein Pulver Isolat einen aromatischen Vanillegeschmack. Es ist geeignet f\u00fcr jeden, der sich effektiv und ergebnisreich sowie sportlich ern\u00e4hren m\u00f6chte<\/p>\n","protected":false},"featured_media":1991,"comment_status":"open","ping_status":"closed","template":"","meta":[],"product_brand":[],"product_cat":[52],"product_tag":[57,56,54,55,53],"class_list":{"0":"post-1902","1":"product","2":"type-product","3":"status-publish","4":"has-post-thumbnail","6":"product_cat-supplements","7":"product_tag-eiweiss","8":"product_tag-just-protein","9":"product_tag-protein","10":"product_tag-vanille","11":"product_tag-whey","13":"first","14":"instock","15":"taxable","16":"shipping-taxable","17":"purchasable","18":"product-type-simple"},"_links":{"self":[{"href":"https:\/\/justsport.springer.schule\/index.php?rest_route=\/wp\/v2\/product\/1902","targetHints":{"allow":["GET"]}}],"collection":[{"href":"https:\/\/justsport.springer.schule\/index.php?rest_route=\/wp\/v2\/product"}],"about":[{"href":"https:\/\/justsport.springer.schule\/index.php?rest_route=\/wp\/v2\/types\/product"}],"replies":[{"embeddable":true,"href":"https:\/\/justsport.springer.schule\/index.php?rest_route=%2Fwp%2Fv2%2Fcomments&post=1902"}],"wp:featuredmedia":[{"embeddable":true,"href":"https:\/\/justsport.springer.schule\/index.php?rest_route=\/wp\/v2\/media\/1991"}],"wp:attachment":[{"href":"https:\/\/justsport.springer.schule\/index.php?rest_route=%2Fwp%2Fv2%2Fmedia&parent=1902"}],"wp:term":[{"taxonomy":"product_brand","embeddable":true,"href":"https:\/\/justsport.springer.schule\/index.php?rest_route=%2Fwp%2Fv2%2Fproduct_brand&post=1902"},{"taxonomy":"product_cat","embeddable":true,"href":"https:\/\/justsport.springer.schule\/index.php?rest_route=%2Fwp%2Fv2%2Fproduct_cat&post=1902"},{"taxonomy":"product_tag","embeddable":true,"href":"https:\/\/justsport.springer.schule\/index.php?rest_route=%2Fwp%2Fv2%2Fproduct_tag&post=1902"}],"curies":[{"name":"wp","href":"https:\/\/api.w.org\/{rel}","templated":true}]}}