{"id":1900,"date":"2020-11-11T15:35:19","date_gmt":"2020-11-11T13:35:19","guid":{"rendered":"https:\/\/justsport.springer.schule\/?post_type=product&#038;p=1900"},"modified":"2024-05-15T11:57:10","modified_gmt":"2024-05-15T09:57:10","slug":"tank-top-be-proud-of-who-you-are","status":"publish","type":"product","link":"https:\/\/justsport.springer.schule\/?product=tank-top-be-proud-of-who-you-are","title":{"rendered":"Tank Top &#8220; Be proud of who you are&#8220;"},"content":{"rendered":"<h4 style=\"text-align: center;\"><strong><em>&#8222;BE PROUD OF WHO YOU ARE\u201c<\/em><\/strong><\/h4>\n<p style=\"text-align: center;\">Du kannst stolz darauf sein was du bisher erreicht hast, doch um darauf aufzubauen ist unser Tank Top unverzichtbar.<\/p>\n<p style=\"text-align: center;\">Dies best\u00e4tigt unsere unendlichen positive R\u00fcckmeldungen.<\/p>\n<p style=\"text-align: center;\">Mit diesem \u00e4rmellosen und atmungsaktiven Tank Top ist ein angenehmes Training mit Bewegungsfreiheit garantiert.<\/p>\n<p style=\"text-align: center;\">Durch die feuchtigkeitsabweisende Technologie ist nicht nur ein intenisives sondern auch ein trockenes Training sicher.<\/p>\n<p style=\"text-align: center;\">Das einzige Problem dieses Produktes ist, dass es immer sehr schnell ausverkauft ist.<\/p>\n<p style=\"text-align: center;\">Das T-Shirt erh\u00e4ltst du in den Gr\u00f6\u00dfen S- 4XL &#8211; nat\u00fcrlich nur solange der Vorrat reicht.<\/p>\n","protected":false},"excerpt":{"rendered":"<p>Dieses Tank Top ist perfekt f\u00fcr intensive Workouts. Es ist leicht,\u00a0 bequem und feuchtigkeitsabweisend.<\/p>\n","protected":false},"featured_media":3646,"comment_status":"open","ping_status":"closed","template":"","meta":[],"product_brand":[],"product_cat":[42],"product_tag":[48,47,45,50,44,51,49,43,46],"class_list":{"0":"post-1900","1":"product","2":"type-product","3":"status-publish","4":"has-post-thumbnail","6":"product_cat-sportbekleidung","7":"product_tag-atmungsaktiv","8":"product_tag-blau","9":"product_tag-feuchtigkeitsabweisend","10":"product_tag-oberteil","11":"product_tag-schwarz","12":"product_tag-sportbekleidung","13":"product_tag-t-shirt","14":"product_tag-tank-top","15":"product_tag-weis","16":"pa_groesse-bekleidung-l","17":"pa_groesse-bekleidung-m","18":"pa_groesse-bekleidung-s","19":"pa_groesse-bekleidung-xl","20":"pa_groesse-bekleidung-xs","21":"pa_groesse-bekleidung-xxl","23":"first","24":"instock","25":"taxable","26":"shipping-taxable","27":"purchasable","28":"product-type-simple"},"_links":{"self":[{"href":"https:\/\/justsport.springer.schule\/index.php?rest_route=\/wp\/v2\/product\/1900","targetHints":{"allow":["GET"]}}],"collection":[{"href":"https:\/\/justsport.springer.schule\/index.php?rest_route=\/wp\/v2\/product"}],"about":[{"href":"https:\/\/justsport.springer.schule\/index.php?rest_route=\/wp\/v2\/types\/product"}],"replies":[{"embeddable":true,"href":"https:\/\/justsport.springer.schule\/index.php?rest_route=%2Fwp%2Fv2%2Fcomments&post=1900"}],"wp:featuredmedia":[{"embeddable":true,"href":"https:\/\/justsport.springer.schule\/index.php?rest_route=\/wp\/v2\/media\/3646"}],"wp:attachment":[{"href":"https:\/\/justsport.springer.schule\/index.php?rest_route=%2Fwp%2Fv2%2Fmedia&parent=1900"}],"wp:term":[{"taxonomy":"product_brand","embeddable":true,"href":"https:\/\/justsport.springer.schule\/index.php?rest_route=%2Fwp%2Fv2%2Fproduct_brand&post=1900"},{"taxonomy":"product_cat","embeddable":true,"href":"https:\/\/justsport.springer.schule\/index.php?rest_route=%2Fwp%2Fv2%2Fproduct_cat&post=1900"},{"taxonomy":"product_tag","embeddable":true,"href":"https:\/\/justsport.springer.schule\/index.php?rest_route=%2Fwp%2Fv2%2Fproduct_tag&post=1900"}],"curies":[{"name":"wp","href":"https:\/\/api.w.org\/{rel}","templated":true}]}}