{"id":329,"date":"2015-03-11T13:22:24","date_gmt":"2015-03-11T11:22:24","guid":{"rendered":"http:\/\/justsport.springer-uefa.de\/?page_id=329"},"modified":"2018-11-25T10:50:13","modified_gmt":"2018-11-25T08:50:13","slug":"agb","status":"publish","type":"page","link":"https:\/\/justsport.springer.schule\/?page_id=329","title":{"rendered":"AGB"},"content":{"rendered":"<p><strong>\u00a71 \u00dcbungsfirma<\/strong><br \/>\nDie Just Sport GmbH ist ein fiktives Unternehmen. Alle Bestellungen werden simuliert. Die Waren werden nicht geliefert und Geldstr\u00f6me flie\u00dfen nicht.<\/p>\n<p><strong>\u00a72 Allgemeines und Geltungsbereich<\/strong><br \/>\nDieses Internetangebot richtet sich ausschlie\u00dflich an \u00dcbungsfirmen und Belegschaftsmitglieder von \u00dcbungsfirmen. F\u00fcr die Gesch\u00e4ftsbeziehung zwischen Just Sport GmbH und dem Besteller auch f\u00fcr alle zuk\u00fcnftigen Gesch\u00e4fte gelten die nachfolgenden Allgemeinen Gesch\u00e4ftsbedingungen in ihrer zum Zeitpunkt der Bestellung g\u00fcltigen Fassung bis auf Widerruf. Abweichende Bedingungen des Bestellers erkennt die Just Sport GmbH nicht an, es sei denn, die Just Sport GmbH h\u00e4tte ausdr\u00fccklich schriftlich ihrer Geltung zugestimmt.<\/p>\n<p><strong>\u00a73 Annahme der Bestellung<\/strong><br \/>\nDie Just Sport GmbH Heidelberg verpflichtet sich, die Bestellung des Bestellers zu den Bedingungen der Website anzunehmen, sofern es sich bei dem Besteller um eine \u00dcbungsfirma oder ein Belegschaftsmitglied einer \u00dcbungsfirma handelt. Bei Schreib-, Druck- und Rechenfehlern auf der Website ist die Just Sport GmbH zum R\u00fccktritt berechtigt.<\/p>\n<p><strong>\u00a74 Lieferung<\/strong><br \/>\nSofern nicht anders vereinbart, erfolgt die Lieferung ab Lager an die vom Besteller angegebene Lieferadresse. Die Gefahr geht auf den Besteller \u00fcber, sobald die Lieferung den Betrieb von Just Sport GmbH in Heidelberg verlassen hat, und zwar auch dann, wenn Teillieferungen erfolgen. Angaben \u00fcber die Lieferfrist sind unverbindlich, soweit nicht ausnahmsweise der Liefertermin verbindlich zugesagt wurde. Die Kosten der Lieferung gehen zu Lasten des Bestellers.<\/p>\n<p><strong>\u00a75 Preisstellung<\/strong><br \/>\nUnsere Angebote sind freibleibend und unverbindlich, falls nicht ausdr\u00fccklich Festpreise vereinbart worden sind. Die angegebnen Preise sind rabattf\u00e4hige Listenpreise. Diese verstehen sich nach Rabattabzug ab Lager zuz\u00fcglich dem aktuellen Mehrwertsteuersatz, ausschlie\u00dflich Verpackung und Transport. Ma\u00dfgeblich sind stets die in unserer Auftragsbest\u00e4tigung genannten Preise. Preis\u00e4nderungen behalten wir uns vor.<\/p>\n<p><strong>\u00a76 Eigentumsvorbehalt<\/strong><br \/>\nDie gelieferte Ware bleibt bis zur vollst\u00e4ndigen Bezahlung unser Eigentum.<\/p>\n<p><strong>\u00a77 Versand- und Lieferkosten<\/strong><br \/>\nKosten des Versandes und der Verpackung gehen grunds\u00e4tzlich zu Lasten des K\u00e4ufers. F\u00fcr Verpackung, Schutz- und\/oder Transportmittel sorgen wir nach unserer Erfahrung. Verpackung, wie Kartonagen usw. , werden nach gesetzlicher Vorschrift zur\u00fcckgenommen.<\/p>\n<p><strong>\u00a78 Annahme der Ware<\/strong><br \/>\nVerweigert der Besteller die Annahme der Ware oder kommt er seiner Abnahmepflicht nicht nach, bleibt unsere Forderung aus der betreffenden Warenlieferung bestehen. Zus\u00e4tzliche Kosten, welche aus einer unberechtigten Annahmeverweigerung entstehen, stellen wir in Rechnung.<\/p>\n<p><strong>\u00a79 F\u00e4lligkeit und Zahlung<\/strong><\/p>\n<ol>\n<li>Die Rechnungen sind innerhalb von 45 Tagen ab Rechnungsdatum netto zahlbar. Bei Zahlung innerhalb 30 Tagen gew\u00e4hren wir 2 % Skonto.<\/li>\n<li>Die Annahme oder Ablehnung von Schecks und anderen \u00e4hnlichen Zahlungsmitteln behalten wir uns vor.<\/li>\n<li>Bei Eintritt Zahlungsverzuges berechnen wir Verzugszinsen. F\u00fcr Endkunden betragen die Verzugszinsen 5 %, bei Gesch\u00e4ftskunden 8 % \u00fcber dem geltenden Basiszinssatz.<\/li>\n<\/ol>\n<p><strong>\u00a710 M\u00e4ngelr\u00fcge<\/strong><br \/>\nDer K\u00e4ufer hat Anspruch auf Lieferung einer einwandfreien Ware. Offene M\u00e4ngel sind unverz\u00fcglich nach Wareneingang schriftlich anzuzeigen, versteckte M\u00e4ngel sofort nach deren Entdeckung, jedoch innerhalb der Gew\u00e4hrleistungsfrist. Haftung f\u00fcr mittelbare oder unmittelbare Folgesch\u00e4den ist ausgeschlossen. Kann eine Nachbesserung oder Ersatzleistung innerhalb einer angemessenen Zeit nicht erfolgen, so gelten die gesetzlichen Bestimmungen.<\/p>\n<p><strong>\u00a711 Gew\u00e4hrleistung<\/strong><\/p>\n<ol>\n<li>Die Just Sport GmbH in Heidelberg leistet f\u00fcr Gebrauchsartikel grunds\u00e4tzlich 2 Jahre Gew\u00e4hr ab Lieferung. Hat der Hersteller l\u00e4ngere Gew\u00e4hrleistungsfristen uns gegen\u00fcber zugesagt, so geben wir die l\u00e4ngere Gew\u00e4hrleistungsfristen an unsere Besteller weiter.<\/li>\n<li>Wir leisten Gew\u00e4hr f\u00fcr Fehlerfreiheit des Liefergegenstandes und f\u00fcr die von uns zugesicherten Eigenschaften.<\/li>\n<li>W\u00e4hrend der Gew\u00e4hrleistungsfrist von 2 Jahren nach Lieferung hat der Besteller bei Gebrauchsartikeln zun\u00e4chst das Recht auf kostenlose Nachbesserung. Wenn es notwendig sein sollte, tauscht die<br \/>\nJust Sport GmbH in Heidelberg den Artikel ganz oder teilweise um.<\/li>\n<li>Wird bei Gebrauchsartikeln ein Fehler innerhalb angemessener Frist nicht behoben, so haben Sie nach Ihrer Wahl auch Anspruch auf Wandlung (R\u00fcckg\u00e4ngigmachung des Kaufes) oder Minderung Herabsetzung des Kaufpreises). Wege-, Arbeitszeiten sowie sonstige Unkosten werden von uns nicht ersetzt.<\/li>\n<li>Dem Besteller stehen Gew\u00e4hrleistungsanspr\u00fcche nicht zu, wenn der Liefergegenstand von dritter Seite oder durch den Kunden unsachgem\u00e4\u00df genutzt und\/oder aufbewahrt wurde. Die<br \/>\nGew\u00e4hrleistungspflicht der Just Sport GmbH in Heidelberg erlischt ebenfalls, wenn der Kunde die Aufbewahrungs- und\/oder Behandlungsvorschriften bez\u00fcglich des<br \/>\nLiefergegenstandes missachtet und der Mangel deshalb entstanden ist.<\/li>\n<li>Nat\u00fcrlicher Verschlei\u00df und Besch\u00e4digung durch unsachgem\u00e4\u00dfe Behandlung sind von der Gew\u00e4hrleistung ausgeschlossen. Insbesondere haften wir nicht f\u00fcr Ver\u00e4nderungen des Zustandes oder der<br \/>\nBetriebsweise der Erzeugnisse durch unsachgem\u00e4\u00dfe Einlagerung, klimatische oder sonstige von uns nicht zu vertretende Einwirkungen.<\/li>\n<\/ol>\n<p><strong>\u00a712 Datenschutz<\/strong><br \/>\nDie f\u00fcr die Gesch\u00e4ftsabwicklung notwendigen Daten werden gespeichert und im Rahmen der Bestellabwicklung gegebenenfalls an verbundene Unternehmen weitergegeben. Alle pers\u00f6nlichen Daten werden selbstverst\u00e4ndlich vertraulich behandelt.<\/p>\n<p><strong>\u00a713 Anwendbares Recht und Gerichtsstand<\/strong><br \/>\nEs gilt deutsches Recht. Ausschlie\u00dflicher Gerichtsstand f\u00fcr alle Anspr\u00fcche im Zusammenhang mit der Gesch\u00e4ftsbeziehung ist Heidelberg .Die Just Sport GmbH in Heidelberg ist berechtigt, auch am allgemeinen Gerichtsstand des Bestellers zu klagen.<\/p>\n<p>&nbsp;<\/p>\n","protected":false},"excerpt":{"rendered":"<p>\u00a71 \u00dcbungsfirma Die Just Sport GmbH ist ein fiktives Unternehmen. Alle Bestellungen werden simuliert. Die Waren werden nicht geliefert und Geldstr\u00f6me flie\u00dfen nicht. \u00a72 Allgemeines und Geltungsbereich Dieses Internetangebot richtet sich ausschlie\u00dflich an \u00dcbungsfirmen und Belegschaftsmitglieder von \u00dcbungsfirmen. F\u00fcr die Gesch\u00e4ftsbeziehung zwischen Just Sport GmbH und dem Besteller auch f\u00fcr alle zuk\u00fcnftigen Gesch\u00e4fte gelten die [&hellip;]<\/p>\n","protected":false},"author":15,"featured_media":0,"parent":1574,"menu_order":0,"comment_status":"open","ping_status":"closed","template":"","meta":{"footnotes":""},"class_list":["post-329","page","type-page","status-publish","hentry"],"_links":{"self":[{"href":"https:\/\/justsport.springer.schule\/index.php?rest_route=\/wp\/v2\/pages\/329","targetHints":{"allow":["GET"]}}],"collection":[{"href":"https:\/\/justsport.springer.schule\/index.php?rest_route=\/wp\/v2\/pages"}],"about":[{"href":"https:\/\/justsport.springer.schule\/index.php?rest_route=\/wp\/v2\/types\/page"}],"author":[{"embeddable":true,"href":"https:\/\/justsport.springer.schule\/index.php?rest_route=\/wp\/v2\/users\/15"}],"replies":[{"embeddable":true,"href":"https:\/\/justsport.springer.schule\/index.php?rest_route=%2Fwp%2Fv2%2Fcomments&post=329"}],"version-history":[{"count":2,"href":"https:\/\/justsport.springer.schule\/index.php?rest_route=\/wp\/v2\/pages\/329\/revisions"}],"predecessor-version":[{"id":1462,"href":"https:\/\/justsport.springer.schule\/index.php?rest_route=\/wp\/v2\/pages\/329\/revisions\/1462"}],"up":[{"embeddable":true,"href":"https:\/\/justsport.springer.schule\/index.php?rest_route=\/wp\/v2\/pages\/1574"}],"wp:attachment":[{"href":"https:\/\/justsport.springer.schule\/index.php?rest_route=%2Fwp%2Fv2%2Fmedia&parent=329"}],"curies":[{"name":"wp","href":"https:\/\/api.w.org\/{rel}","templated":true}]}}