{"id":327,"date":"2015-03-11T13:21:51","date_gmt":"2015-03-11T11:21:51","guid":{"rendered":"http:\/\/justsport.springer-uefa.de\/?page_id=327"},"modified":"2024-03-20T12:24:10","modified_gmt":"2024-03-20T10:24:10","slug":"ueber-uns","status":"publish","type":"page","link":"https:\/\/justsport.springer.schule\/?page_id=327","title":{"rendered":"\u00dcber uns"},"content":{"rendered":"<p>Seit der Gr\u00fcndung im Jahr 2005 ist unser Unternehmen Vorreiter f\u00fcr hochwertige Sportartikel. Wir verbinden Leidenschaft f\u00fcr den Sport mit Innovation und Nachhaltigkeit. Mit einem jugendlichen und modernen Ansatz bieten wir eine breite Produktpalette f\u00fcr Sportbegeisterte aller Niveaus. Unser Engagement f\u00fcr innovative Technologien und umweltfreundliche Praktiken spiegelt sich in jedem unserer Produkte wider. Entdecken Sie eine neue Dimension des Sports mit unseren hochwertigen und zukunftsorientierten Produkten.<\/p>\n<p style=\"text-align: left\">\n","protected":false},"excerpt":{"rendered":"<p>Seit der Gr\u00fcndung im Jahr 2005 ist unser Unternehmen Vorreiter f\u00fcr hochwertige Sportartikel. Wir verbinden Leidenschaft f\u00fcr den Sport mit Innovation und Nachhaltigkeit. Mit einem jugendlichen und modernen Ansatz bieten wir eine breite Produktpalette f\u00fcr Sportbegeisterte aller Niveaus. Unser Engagement f\u00fcr innovative Technologien und umweltfreundliche Praktiken spiegelt sich in jedem unserer Produkte wider. Entdecken Sie [&hellip;]<\/p>\n","protected":false},"author":15,"featured_media":0,"parent":0,"menu_order":2,"comment_status":"closed","ping_status":"closed","template":"","meta":{"footnotes":""},"class_list":["post-327","page","type-page","status-publish","hentry"],"_links":{"self":[{"href":"https:\/\/justsport.springer.schule\/index.php?rest_route=\/wp\/v2\/pages\/327","targetHints":{"allow":["GET"]}}],"collection":[{"href":"https:\/\/justsport.springer.schule\/index.php?rest_route=\/wp\/v2\/pages"}],"about":[{"href":"https:\/\/justsport.springer.schule\/index.php?rest_route=\/wp\/v2\/types\/page"}],"author":[{"embeddable":true,"href":"https:\/\/justsport.springer.schule\/index.php?rest_route=\/wp\/v2\/users\/15"}],"replies":[{"embeddable":true,"href":"https:\/\/justsport.springer.schule\/index.php?rest_route=%2Fwp%2Fv2%2Fcomments&post=327"}],"version-history":[{"count":6,"href":"https:\/\/justsport.springer.schule\/index.php?rest_route=\/wp\/v2\/pages\/327\/revisions"}],"predecessor-version":[{"id":3583,"href":"https:\/\/justsport.springer.schule\/index.php?rest_route=\/wp\/v2\/pages\/327\/revisions\/3583"}],"wp:attachment":[{"href":"https:\/\/justsport.springer.schule\/index.php?rest_route=%2Fwp%2Fv2%2Fmedia&parent=327"}],"curies":[{"name":"wp","href":"https:\/\/api.w.org\/{rel}","templated":true}]}}