{"id":1572,"date":"2018-11-25T10:48:16","date_gmt":"2018-11-25T08:48:16","guid":{"rendered":"https:\/\/justsport.springer.schule\/?page_id=1572"},"modified":"2022-02-09T08:56:18","modified_gmt":"2022-02-09T06:56:18","slug":"kontakt","status":"publish","type":"page","link":"https:\/\/justsport.springer.schule\/?page_id=1572","title":{"rendered":"Kontakt"},"content":{"rendered":"<h3>Anschrift<\/h3>\n<p>\u00dcbungsfirma<br \/>\nJust-Sport GmbH<br \/>\nMark-Twain-Str. 1<br \/>\n69126 Heidelberg<\/p>\n<h3>Telefon<\/h3>\n<p><strong>Verwaltung<\/strong>: 06221 58410-252<br \/>\n<strong>Marketing<\/strong>: 06221 58410-251<br \/>\n<strong>Finanzwirtschaft<\/strong>: 06221 58410-254<br \/>\n<strong>Warenwirtschaft<\/strong>: 06221 58410-255<br \/>\n<strong>Einkauf<\/strong>: 06221 58410-253<br \/>\n<strong>Gesch\u00e4ftsleitung<\/strong>: 06221 58410-250<\/p>\n<h3>E-Mail<\/h3>\n<p>F\u00fcr allgemeine Fragen: <a href=\"mailto:verwaltung@justsport.springer.schule\">verwaltung@justsport.springer.schule<\/a><\/p>\n<p>F\u00fcr Fragen bez\u00fcglich ihrer Bestellungen: <a href=\"mailto:warenwirtschaft@justsport.springer.schule\">warenwirtschaft@justsport.springer.schule<\/a><\/p>\n<h3>\u00d6ffnungszeiten<\/h3>\n<p>Mittwoch, 08:00 bis 16:00 Uhr<br \/>\nIn den Schulferien hat die \u00dcbungsfirma geschlossen!<\/p>\n","protected":false},"excerpt":{"rendered":"<p>Anschrift \u00dcbungsfirma Just-Sport GmbH Mark-Twain-Str. 1 69126 Heidelberg Telefon Verwaltung: 06221 58410-252 Marketing: 06221 58410-251 Finanzwirtschaft: 06221 58410-254 Warenwirtschaft: 06221 58410-255 Einkauf: 06221 58410-253 Gesch\u00e4ftsleitung: 06221 58410-250 E-Mail F\u00fcr allgemeine Fragen: verwaltung@justsport.springer.schule F\u00fcr Fragen bez\u00fcglich ihrer Bestellungen: warenwirtschaft@justsport.springer.schule \u00d6ffnungszeiten Mittwoch, 08:00 bis 16:00 Uhr In den Schulferien hat die \u00dcbungsfirma geschlossen!<\/p>\n","protected":false},"author":16,"featured_media":0,"parent":0,"menu_order":0,"comment_status":"closed","ping_status":"closed","template":"","meta":{"footnotes":""},"class_list":["post-1572","page","type-page","status-publish","hentry"],"_links":{"self":[{"href":"https:\/\/justsport.springer.schule\/index.php?rest_route=\/wp\/v2\/pages\/1572","targetHints":{"allow":["GET"]}}],"collection":[{"href":"https:\/\/justsport.springer.schule\/index.php?rest_route=\/wp\/v2\/pages"}],"about":[{"href":"https:\/\/justsport.springer.schule\/index.php?rest_route=\/wp\/v2\/types\/page"}],"author":[{"embeddable":true,"href":"https:\/\/justsport.springer.schule\/index.php?rest_route=\/wp\/v2\/users\/16"}],"replies":[{"embeddable":true,"href":"https:\/\/justsport.springer.schule\/index.php?rest_route=%2Fwp%2Fv2%2Fcomments&post=1572"}],"version-history":[{"count":10,"href":"https:\/\/justsport.springer.schule\/index.php?rest_route=\/wp\/v2\/pages\/1572\/revisions"}],"predecessor-version":[{"id":2984,"href":"https:\/\/justsport.springer.schule\/index.php?rest_route=\/wp\/v2\/pages\/1572\/revisions\/2984"}],"wp:attachment":[{"href":"https:\/\/justsport.springer.schule\/index.php?rest_route=%2Fwp%2Fv2%2Fmedia&parent=1572"}],"curies":[{"name":"wp","href":"https:\/\/api.w.org\/{rel}","templated":true}]}}